{"id":2143,"date":"2025-09-30T12:09:44","date_gmt":"2025-09-30T15:09:44","guid":{"rendered":"https:\/\/implantca.com.ar\/?post_type=product&#038;p=2143"},"modified":"2025-09-30T12:18:15","modified_gmt":"2025-09-30T15:18:15","slug":"placa-ceda-de-pilon-tibial-o-35-mm","status":"publish","type":"product","link":"https:\/\/implantca.com.ar\/en\/product\/placa-ceda-de-pilon-tibial-o-35-mm","title":{"rendered":"PLACA CEDA DE PIL\u00d3N TIBIAL \u00d8 3,5 mm"},"content":{"rendered":"<p>[et_pb_section fb_built=\u00bb1&#8243; _builder_version=\u00bb4.16&#8243; background_color=\u00bb#dddddd\u00bb width=\u00bb100%\u00bb max_width=\u00bb100%\u00bb module_alignment=\u00bbcenter\u00bb custom_margin=\u00bb30px|0px|||false|false\u00bb custom_margin_tablet=\u00bb100px||||false|false\u00bb custom_margin_phone=\u00bb120px||||false|false\u00bb custom_margin_last_edited=\u00bbon|phone\u00bb custom_padding=\u00bb0px|0px|0px|0px|false|false\u00bb collapsed=\u00bboff\u00bb global_colors_info=\u00bb{}\u00bb][et_pb_row _builder_version=\u00bb4.16&#8243; background_size=\u00bbinitial\u00bb background_position=\u00bbtop_left\u00bb background_repeat=\u00bbrepeat\u00bb width=\u00bb100%\u00bb max_width=\u00bb1350px\u00bb custom_margin=\u00bb-100px|auto||auto||\u00bb custom_margin_tablet=\u00bb|10px||10px|false|false\u00bb custom_margin_phone=\u00bb-100px|10px||10px|false|false\u00bb custom_margin_last_edited=\u00bbon|phone\u00bb custom_padding=\u00bb0px||0px||false|false\u00bb global_colors_info=\u00bb{}\u00bb][et_pb_column type=\u00bb4_4&#8243; _builder_version=\u00bb4.16&#8243; custom_padding=\u00bb|||\u00bb global_colors_info=\u00bb{}\u00bb custom_padding__hover=\u00bb|||\u00bb][et_pb_wc_breadcrumb _builder_version=\u00bb4.16&#8243; global_colors_info=\u00bb{}\u00bb][\/et_pb_wc_breadcrumb][\/et_pb_column][\/et_pb_row][et_pb_row column_structure=\u00bb1_2,1_4,1_4&#8243; _builder_version=\u00bb4.16&#8243; background_size=\u00bbinitial\u00bb background_position=\u00bbtop_left\u00bb background_repeat=\u00bbrepeat\u00bb width=\u00bb100%\u00bb max_width=\u00bb1350px\u00bb module_alignment=\u00bbcenter\u00bb custom_margin=\u00bb|0px||auto||\u00bb custom_padding=\u00bb0px||||false|false\u00bb module_alignment_tablet=\u00bbcenter\u00bb module_alignment_phone=\u00bbcenter\u00bb module_alignment_last_edited=\u00bbon|phone\u00bb global_colors_info=\u00bb{}\u00bb][et_pb_column type=\u00bb1_2&#8243; _builder_version=\u00bb4.16&#8243; custom_padding=\u00bb|||\u00bb global_colors_info=\u00bb{}\u00bb custom_padding__hover=\u00bb|||\u00bb][et_pb_wc_images _builder_version=\u00bb4.16&#8243; custom_padding=\u00bb||0px|||\u00bb global_colors_info=\u00bb{}\u00bb][\/et_pb_wc_images][\/et_pb_column][et_pb_column type=\u00bb1_4&#8243; _builder_version=\u00bb4.16&#8243; custom_padding=\u00bb|||\u00bb global_colors_info=\u00bb{}\u00bb custom_padding__hover=\u00bb|||\u00bb][et_pb_wc_title _builder_version=\u00bb4.16&#8243; header_font=\u00bb|700|||||||\u00bb header_text_align=\u00bbleft\u00bb header_text_color=\u00bb#424242&#8243; header_font_size=\u00bb22px\u00bb custom_margin_tablet=\u00bb|10px||10px|false|false\u00bb custom_margin_phone=\u00bb|10px||10px|false|false\u00bb custom_margin_last_edited=\u00bbon|tablet\u00bb global_colors_info=\u00bb{}\u00bb][\/et_pb_wc_title][et_pb_divider divider_position=\u00bbcenter\u00bb divider_weight=\u00bb1px\u00bb _builder_version=\u00bb4.16&#8243; _module_preset=\u00bbdefault\u00bb custom_margin=\u00bb||30px||false|false\u00bb custom_margin_tablet=\u00bb|10px||10px|false|false\u00bb custom_margin_phone=\u00bb|10px||10px|false|false\u00bb custom_margin_last_edited=\u00bbon|tablet\u00bb custom_padding=\u00bb||0px||false|false\u00bb global_colors_info=\u00bb{}\u00bb][\/et_pb_divider][et_pb_text _builder_version=\u00bb4.16&#8243; _module_preset=\u00bbdefault\u00bb text_font=\u00bb|700|||||||\u00bb text_font_size=\u00bb18px\u00bb custom_margin=\u00bb||||false|false\u00bb custom_margin_tablet=\u00bb|10px||10px|false|false\u00bb custom_margin_phone=\u00bb|10px||10px|false|false\u00bb custom_margin_last_edited=\u00bbon|tablet\u00bb global_colors_info=\u00bb{}\u00bb]Caracter\u00edsticas[\/et_pb_text][et_pb_wc_description _builder_version=\u00bb4.16&#8243; custom_margin_tablet=\u00bb|10px||10px|false|false\u00bb custom_margin_phone=\u00bb|10px||10px|false|false\u00bb custom_margin_last_edited=\u00bbon|tablet\u00bb global_colors_info=\u00bb{}\u00bb][\/et_pb_wc_description][et_pb_wc_meta disabled_on=\u00bbon|on|off\u00bb _builder_version=\u00bb4.16&#8243; _module_preset=\u00bbdefault\u00bb custom_margin_tablet=\u00bb|10px||10px|false|false\u00bb custom_margin_phone=\u00bb|10px||10px|false|false\u00bb custom_margin_last_edited=\u00bbon|phone\u00bb global_colors_info=\u00bb{}\u00bb][\/et_pb_wc_meta][\/et_pb_column][et_pb_column type=\u00bb1_4&#8243; _builder_version=\u00bb4.16&#8243; custom_padding=\u00bb|||\u00bb global_colors_info=\u00bb{}\u00bb custom_padding__hover=\u00bb|||\u00bb][et_pb_sidebar show_border=\u00bboff\u00bb disabled_on=\u00bbon|on|off\u00bb _builder_version=\u00bb4.16&#8243; _module_preset=\u00bbdefault\u00bb custom_margin_tablet=\u00bb|10px||10px|false|false\u00bb custom_margin_phone=\u00bb|10px||10px|false|false\u00bb custom_margin_last_edited=\u00bbon|tablet\u00bb border_width_left=\u00bb2px\u00bb border_color_left=\u00bb#000000&#8243; global_colors_info=\u00bb{}\u00bb][\/et_pb_sidebar][\/et_pb_column][\/et_pb_row][\/et_pb_section][et_pb_section fb_built=\u00bb1&#8243; _builder_version=\u00bb4.16&#8243; _module_preset=\u00bbdefault\u00bb background_color=\u00bb#dddddd\u00bb custom_padding=\u00bb46px|||||\u00bb global_colors_info=\u00bb{}\u00bb][et_pb_row _builder_version=\u00bb4.16&#8243; _module_preset=\u00bbdefault\u00bb width=\u00bb95%\u00bb max_width=\u00bb1350px\u00bb global_colors_info=\u00bb{}\u00bb][et_pb_column type=\u00bb4_4&#8243; _builder_version=\u00bb4.16&#8243; _module_preset=\u00bbdefault\u00bb global_colors_info=\u00bb{}\u00bb][et_pb_toggle title=\u00bbOPCIONES DEL PRODUCTO\u00bb open_toggle_background_color=\u00bb#f7f7f7&#8243; closed_toggle_background_color=\u00bb#efefef\u00bb icon_color=\u00bb#459a40&#8243; open_icon_color=\u00bb#459a40&#8243; _builder_version=\u00bb4.16&#8243; _module_preset=\u00bbdefault\u00bb title_text_color=\u00bb#459a40&#8243; title_font=\u00bb|700|||||||\u00bb title_font_size=\u00bb20px\u00bb body_font_size=\u00bb11px\u00bb body_line_height=\u00bb1.1em\u00bb body_font_size_tablet=\u00bb9px\u00bb body_font_size_phone=\u00bb\u00bb body_font_size_last_edited=\u00bbon|phone\u00bb global_colors_info=\u00bb{}\u00bb]<\/p>\n<p>&nbsp;<\/p>\n<table style=\"width: 420px;\" height=\"127\">\n<tbody>\n<tr style=\"height: 23px;\">\n<td style=\"width: 94.0199px; height: 23px;\">C\u00f3digo<\/td>\n<td style=\"width: 325.98px; height: 23px;\">Producto<\/td>\n<\/tr>\n<tr style=\"height: 47px;\">\n<td style=\"width: 94.0199px; height: 47px;\">\n<p><span style=\"font-size: 11px;\">23-008-08<\/span><\/p>\n<p>23-008-09<\/p>\n<p><span data-sheets-root=\"1\">23-008-10<\/span><\/p>\n<p><span data-sheets-root=\"1\">23-008-10<\/span><span data-sheets-root=\"1\"><\/span><\/p>\n<p><span data-sheets-root=\"1\"><\/span><\/p>\n<\/td>\n<td style=\"width: 325.98px; height: 58.3906px;\">\n<p>PLACA CEDA DE PILON TIBIAL EN T TI \u00d8 3.5 5 X 8 ORIFICIOS<\/p>\n<p>PLACA CEDA DE PILON TIBIAL EN T TI \u00d8 3.5 5 X 10 ORIFICIOS<\/p>\n<p>PLACA CEDA DE PILON TIBIAL EN T TI \u00d8 3.5 5 X 12 ORIFICIOS<\/p>\n<p>PLACA CEDA DE PILON TIBIAL EN T TI \u00d8 3.5 5 X 14 ORIFICIOS<\/p>\n<\/td>\n<\/tr>\n<tr style=\"height: 2.78125px;\">\n<td style=\"width: 94.0199px; height: 2.78125px;\"><\/td>\n<td style=\"width: 325.98px; height: 2.78125px;\"><\/td>\n<\/tr>\n<\/tbody>\n<\/table>\n<p>&nbsp;<\/p>\n<p>&nbsp;<\/p>\n<p>[\/et_pb_toggle][\/et_pb_column][\/et_pb_row][\/et_pb_section][et_pb_section fb_built=\u00bb1&#8243; _builder_version=\u00bb4.16&#8243; _module_preset=\u00bbdefault\u00bb background_color=\u00bb#449941&#8243; min_height=\u00bb109px\u00bb custom_padding=\u00bb47px||66px|||\u00bb global_colors_info=\u00bb{}\u00bb][et_pb_row column_structure=\u00bb1_2,1_2&#8243; disabled_on=\u00bbon|on|on\u00bb _builder_version=\u00bb4.16&#8243; _module_preset=\u00bbdefault\u00bb max_width=\u00bb1350px\u00bb custom_margin=\u00bb11px|auto||auto||\u00bb custom_padding=\u00bb24px||14px|||\u00bb disabled=\u00bbon\u00bb global_colors_info=\u00bb{}\u00bb][et_pb_column type=\u00bb1_2&#8243; _builder_version=\u00bb4.16&#8243; _module_preset=\u00bbdefault\u00bb global_colors_info=\u00bb{}\u00bb][et_pb_text content_tablet=\u00bb<\/p>\n<p>CAT\u00c1LOGO DEL PRODUCTO<\/p>\n<p>\u00bb content_phone=\u00bb<\/p>\n<p>CAT\u00c1LOGO DE PRODUCTO<\/p>\n<p>\u00bb content_last_edited=\u00bbon|phone\u00bb _builder_version=\u00bb4.16&#8243; _module_preset=\u00bbdefault\u00bb text_font=\u00bbMontserrat|700|||||||\u00bb text_text_color=\u00bb#FFFFFF\u00bb text_font_size=\u00bb22px\u00bb background_layout=\u00bbdark\u00bb custom_padding=\u00bb10px|||||\u00bb global_colors_info=\u00bb{}\u00bb]CAT\u00c1LOGO DEL PRODUCTO[\/et_pb_text][\/et_pb_column][et_pb_column type=\u00bb1_2&#8243; _builder_version=\u00bb4.16&#8243; _module_preset=\u00bbdefault\u00bb global_colors_info=\u00bb{}\u00bb][et_pb_button button_text=\u00bbABRIR\u00bb button_alignment=\u00bbcenter\u00bb _builder_version=\u00bb4.16&#8243; _module_preset=\u00bbdefault\u00bb custom_button=\u00bbon\u00bb button_text_size=\u00bb18px\u00bb button_text_color=\u00bb#FFFFFF\u00bb button_border_width=\u00bb1px\u00bb button_border_radius=\u00bb5px\u00bb button_letter_spacing=\u00bb1px\u00bb button_font=\u00bbMontserrat|700|||||||\u00bb background_layout=\u00bbdark\u00bb global_colors_info=\u00bb{}\u00bb][\/et_pb_button][\/et_pb_column][\/et_pb_row][\/et_pb_section][et_pb_section fb_built=\u00bb1&#8243; _builder_version=\u00bb4.16&#8243; _module_preset=\u00bbdefault\u00bb background_color=\u00bb#878787&#8243; min_height=\u00bb109px\u00bb custom_padding=\u00bb47px||66px|||\u00bb global_colors_info=\u00bb{}\u00bb][et_pb_row column_structure=\u00bb1_2,1_2&#8243; disabled_on=\u00bbon|on|on\u00bb _builder_version=\u00bb4.16&#8243; _module_preset=\u00bbdefault\u00bb max_width=\u00bb1350px\u00bb custom_margin=\u00bb11px|auto||auto||\u00bb custom_padding=\u00bb16px||14px|||\u00bb disabled=\u00bbon\u00bb global_colors_info=\u00bb{}\u00bb][et_pb_column type=\u00bb1_2&#8243; _builder_version=\u00bb4.16&#8243; _module_preset=\u00bbdefault\u00bb global_colors_info=\u00bb{}\u00bb][et_pb_text content_tablet=\u00bb<\/p>\n<p>T\u00c9CNICA QUIR\u00daRGICA<\/p>\n<p>\u00bb content_phone=\u00bb<\/p>\n<p>T\u00c9CNICA QUIR\u00daRGICA<\/p>\n<p>\u00bb content_last_edited=\u00bbon|phone\u00bb _builder_version=\u00bb4.16&#8243; _module_preset=\u00bbdefault\u00bb text_font=\u00bbMontserrat|700|||||||\u00bb text_text_color=\u00bb#FFFFFF\u00bb text_font_size=\u00bb22px\u00bb background_layout=\u00bbdark\u00bb custom_padding=\u00bb10px|||||\u00bb text_orientation_tablet=\u00bb\u00bb text_orientation_phone=\u00bb\u00bb text_orientation_last_edited=\u00bbon|desktop\u00bb global_colors_info=\u00bb{}\u00bb]T\u00c9CNICA QUIR\u00daRGICA[\/et_pb_text][\/et_pb_column][et_pb_column type=\u00bb1_2&#8243; _builder_version=\u00bb4.16&#8243; _module_preset=\u00bbdefault\u00bb global_colors_info=\u00bb{}\u00bb][et_pb_button button_text=\u00bbABRIR\u00bb button_alignment=\u00bbcenter\u00bb _builder_version=\u00bb4.16&#8243; _module_preset=\u00bbdefault\u00bb custom_button=\u00bbon\u00bb button_text_size=\u00bb18px\u00bb button_text_color=\u00bb#FFFFFF\u00bb button_border_width=\u00bb1px\u00bb button_border_radius=\u00bb5px\u00bb button_letter_spacing=\u00bb1px\u00bb button_font=\u00bbMontserrat|700|||||||\u00bb background_layout=\u00bbdark\u00bb global_colors_info=\u00bb{}\u00bb][\/et_pb_button][\/et_pb_column][\/et_pb_row][\/et_pb_section][et_pb_section fb_built=\u00bb1&#8243; _builder_version=\u00bb4.16&#8243; _module_preset=\u00bbdefault\u00bb background_color=\u00bb#dddddd\u00bb global_colors_info=\u00bb{}\u00bb][et_pb_row disabled_on=\u00bbon|on|on\u00bb _builder_version=\u00bb4.16&#8243; _module_preset=\u00bbdefault\u00bb disabled=\u00bbon\u00bb global_colors_info=\u00bb{}\u00bb][et_pb_column type=\u00bb4_4&#8243; _builder_version=\u00bb4.16&#8243; _module_preset=\u00bbdefault\u00bb global_colors_info=\u00bb{}\u00bb][et_pb_video src=\u00bbhttps:\/\/www.youtube.com\/watch?v=wSJk_4-it4s\u00bb _builder_version=\u00bb4.16&#8243; _module_preset=\u00bbdefault\u00bb width=\u00bb80%\u00bb module_alignment=\u00bbcenter\u00bb global_colors_info=\u00bb{}\u00bb][\/et_pb_video][\/et_pb_column][\/et_pb_row][\/et_pb_section][et_pb_section fb_built=\u00bb1&#8243; _builder_version=\u00bb4.16&#8243; _module_preset=\u00bbdefault\u00bb background_color=\u00bb#dddddd\u00bb custom_padding=\u00bb2px|||||\u00bb global_colors_info=\u00bb{}\u00bb][et_pb_row _builder_version=\u00bb4.16&#8243; background_size=\u00bbinitial\u00bb background_position=\u00bbtop_left\u00bb background_repeat=\u00bbrepeat\u00bb width=\u00bb95%\u00bb max_width=\u00bb1350px\u00bb custom_padding=\u00bb||0px|||\u00bb global_colors_info=\u00bb{}\u00bb][et_pb_column type=\u00bb4_4&#8243; _builder_version=\u00bb4.16&#8243; custom_padding=\u00bb|||\u00bb global_colors_info=\u00bb{}\u00bb custom_padding__hover=\u00bb|||\u00bb][et_pb_wc_upsells _builder_version=\u00bb4.16&#8243; min_height=\u00bb0px\u00bb custom_margin=\u00bb0px||33px||false|false\u00bb global_colors_info=\u00bb{}\u00bb][\/et_pb_wc_upsells][et_pb_wc_related_products _builder_version=\u00bb4.16&#8243; product_title_font_size=\u00bb14px\u00bb text_orientation=\u00bbcenter\u00bb width=\u00bb100%\u00bb max_width=\u00bb100%\u00bb max_width_tablet=\u00bb100%\u00bb max_width_phone=\u00bb100%\u00bb max_width_last_edited=\u00bbon|phone\u00bb module_alignment=\u00bbcenter\u00bb custom_margin=\u00bb|||34px||\u00bb custom_padding=\u00bb|0px||0px|false|false\u00bb global_colors_info=\u00bb{}\u00bb][\/et_pb_wc_related_products][\/et_pb_column][\/et_pb_row][\/et_pb_section]<\/p>\n","protected":false},"excerpt":{"rendered":"<div class=\"rtf-productos\">\n<div class=\"rtf-productos\">\n<div class=\"rtf-productos\">\n<div class=\"rtf-productos\">\n<div class=\"rtf-productos\">\n<p data-start=\"170\" data-end=\"557\">La Placa CEDA para Pil\u00f3n Tibial est\u00e1 dise\u00f1ada para el tratamiento de fracturas distales de tibia, proporcionando una fijaci\u00f3n estable y anat\u00f3mica. Se utiliza con tornillos de di\u00e1metro 3,5 mm, lo que permite una sujeci\u00f3n segura en fracturas de menor a mediana complejidad. Su dise\u00f1o anat\u00f3mico favorece la reducci\u00f3n precisa y la preservaci\u00f3n del tejido circundante.<\/p>\n<div class=\"separador\"><\/div>\n<\/div>\n<\/div>\n<div class=\"separador\"><\/div>\n<\/div>\n<div class=\"separador\"><\/div>\n<\/div>\n<div class=\"separador\"><\/div>\n<\/div>","protected":false},"featured_media":2131,"template":"","meta":{"_et_pb_use_builder":"on","_et_pb_old_content":"<table style=\"width: 474px\">\r\n<tbody>\r\n<tr>\r\n<td style=\"width: 72px\">C\u00f3digo<\/td>\r\n<td style=\"width: 402px\">Producto<\/td>\r\n<\/tr>\r\n<tr>\r\n<td style=\"width: 72px\">23-008-08<\/td>\r\n<td style=\"width: 402px\">Placa CEDA de Pil\u00f3n Tibial de Titanio D3,5mm 5 x 8Orif.<\/td>\r\n<\/tr>\r\n<tr>\r\n<td style=\"width: 72px\">23-008-09<\/td>\r\n<td style=\"width: 402px\">Placa CEDA de Pil\u00f3n Tibial de Titanio D3,5mm 5 x 10Orif.<\/td>\r\n<\/tr>\r\n<tr>\r\n<td style=\"width: 72px\">23-008-10<\/td>\r\n<td style=\"width: 402px\">Placa CEDA de Pil\u00f3n Tibial de Titanio D3,5mm 5 x 12Orif.<\/td>\r\n<\/tr>\r\n<tr>\r\n<td style=\"width: 72px\">23-008-11<\/td>\r\n<td style=\"width: 402px\">Placa CEDA de Pil\u00f3n Tibial de Titanio D3,5mm 5 x 14Orif.<\/td>\r\n<\/tr>\r\n<\/tbody>\r\n<\/table>","_et_gb_content_width":"","_joinchat":[]},"product_brand":[],"product_cat":[30],"product_tag":[62,68,70,53,71],"class_list":{"0":"post-2143","1":"product","2":"type-product","3":"status-publish","4":"has-post-thumbnail","6":"product_cat-trauma-miembro-inferior","7":"product_tag-acero","8":"product_tag-miembro-inferior","9":"product_tag-osteotomia","10":"product_tag-placa","11":"product_tag-tibia","13":"first","14":"instock","15":"shipping-taxable","16":"product-type-simple"},"_links":{"self":[{"href":"https:\/\/implantca.com.ar\/en\/wp-json\/wp\/v2\/product\/2143","targetHints":{"allow":["GET"]}}],"collection":[{"href":"https:\/\/implantca.com.ar\/en\/wp-json\/wp\/v2\/product"}],"about":[{"href":"https:\/\/implantca.com.ar\/en\/wp-json\/wp\/v2\/types\/product"}],"wp:featuredmedia":[{"embeddable":true,"href":"https:\/\/implantca.com.ar\/en\/wp-json\/wp\/v2\/media\/2131"}],"wp:attachment":[{"href":"https:\/\/implantca.com.ar\/en\/wp-json\/wp\/v2\/media?parent=2143"}],"wp:term":[{"taxonomy":"product_brand","embeddable":true,"href":"https:\/\/implantca.com.ar\/en\/wp-json\/wp\/v2\/product_brand?post=2143"},{"taxonomy":"product_cat","embeddable":true,"href":"https:\/\/implantca.com.ar\/en\/wp-json\/wp\/v2\/product_cat?post=2143"},{"taxonomy":"product_tag","embeddable":true,"href":"https:\/\/implantca.com.ar\/en\/wp-json\/wp\/v2\/product_tag?post=2143"}],"curies":[{"name":"wp","href":"https:\/\/api.w.org\/{rel}","templated":true}]}}