{"id":1076,"date":"2021-08-24T17:09:55","date_gmt":"2021-08-24T20:09:55","guid":{"rendered":"https:\/\/implantca.com.ar\/?post_type=product&#038;p=1076"},"modified":"2021-10-04T11:20:59","modified_gmt":"2021-10-04T14:20:59","slug":"inmovilizador-antebraquio-palmar-clasico","status":"publish","type":"product","link":"https:\/\/implantca.com.ar\/en\/product\/inmovilizador-antebraquio-palmar-clasico","title":{"rendered":"BRACE DE H\u00daMERO"},"content":{"rendered":"<p>[et_pb_section fb_built=\u00bb1&#8243; _builder_version=\u00bb4.8.1&#8243; background_color=\u00bb#dddddd\u00bb width=\u00bb100%\u00bb max_width=\u00bb100%\u00bb module_alignment=\u00bbcenter\u00bb custom_margin=\u00bb30px|0px|||false|false\u00bb custom_margin_tablet=\u00bb100px||||false|false\u00bb custom_margin_phone=\u00bb120px||||false|false\u00bb custom_margin_last_edited=\u00bbon|phone\u00bb custom_padding=\u00bb0px|0px|0px|0px|false|false\u00bb collapsed=\u00bboff\u00bb][et_pb_row _builder_version=\u00bb4.8.1&#8243; background_size=\u00bbinitial\u00bb background_position=\u00bbtop_left\u00bb background_repeat=\u00bbrepeat\u00bb width=\u00bb100%\u00bb max_width=\u00bb1350px\u00bb custom_margin=\u00bb-100px|auto||auto||\u00bb custom_margin_tablet=\u00bb|10px||10px|false|false\u00bb custom_margin_phone=\u00bb-100px|10px||10px|false|false\u00bb custom_margin_last_edited=\u00bbon|phone\u00bb custom_padding=\u00bb0px||0px||false|false\u00bb][et_pb_column type=\u00bb4_4&#8243; _builder_version=\u00bb3.25&#8243; custom_padding=\u00bb|||\u00bb custom_padding__hover=\u00bb|||\u00bb][et_pb_wc_breadcrumb _builder_version=\u00bb3.0.47&#8243;][\/et_pb_wc_breadcrumb][\/et_pb_column][\/et_pb_row][et_pb_row column_structure=\u00bb1_2,1_4,1_4&#8243; _builder_version=\u00bb4.8.1&#8243; background_size=\u00bbinitial\u00bb background_position=\u00bbtop_left\u00bb background_repeat=\u00bbrepeat\u00bb width=\u00bb100%\u00bb max_width=\u00bb1350px\u00bb module_alignment=\u00bbcenter\u00bb custom_margin=\u00bb|0px||auto||\u00bb custom_padding=\u00bb0px||||false|false\u00bb module_alignment_tablet=\u00bbcenter\u00bb module_alignment_phone=\u00bbcenter\u00bb module_alignment_last_edited=\u00bbon|phone\u00bb][et_pb_column type=\u00bb1_2&#8243; _builder_version=\u00bb3.25&#8243; custom_padding=\u00bb|||\u00bb custom_padding__hover=\u00bb|||\u00bb][et_pb_wc_images _builder_version=\u00bb4.8.1&#8243; custom_padding=\u00bb||0px|||\u00bb][\/et_pb_wc_images][\/et_pb_column][et_pb_column type=\u00bb1_4&#8243; _builder_version=\u00bb3.25&#8243; custom_padding=\u00bb|||\u00bb custom_padding__hover=\u00bb|||\u00bb][et_pb_wc_title _builder_version=\u00bb4.8.1&#8243; header_font=\u00bb|700|||||||\u00bb header_text_align=\u00bbleft\u00bb header_text_color=\u00bb#424242&#8243; header_font_size=\u00bb22px\u00bb custom_margin_tablet=\u00bb|10px||10px|false|false\u00bb custom_margin_phone=\u00bb|10px||10px|false|false\u00bb custom_margin_last_edited=\u00bbon|tablet\u00bb][\/et_pb_wc_title][et_pb_divider divider_position=\u00bbcenter\u00bb divider_weight=\u00bb1px\u00bb _builder_version=\u00bb4.8.1&#8243; _module_preset=\u00bbdefault\u00bb custom_margin=\u00bb||30px||false|false\u00bb custom_margin_tablet=\u00bb|10px||10px|false|false\u00bb custom_margin_phone=\u00bb|10px||10px|false|false\u00bb custom_margin_last_edited=\u00bbon|tablet\u00bb custom_padding=\u00bb||0px||false|false\u00bb][\/et_pb_divider][et_pb_text _builder_version=\u00bb4.8.1&#8243; _module_preset=\u00bbdefault\u00bb text_font=\u00bb|700|||||||\u00bb text_font_size=\u00bb18px\u00bb custom_margin=\u00bb||||false|false\u00bb custom_margin_tablet=\u00bb|10px||10px|false|false\u00bb custom_margin_phone=\u00bb|10px||10px|false|false\u00bb custom_margin_last_edited=\u00bbon|tablet\u00bb]Caracter\u00edsticas[\/et_pb_text][et_pb_wc_description _builder_version=\u00bb4.8.1&#8243; custom_margin_tablet=\u00bb|10px||10px|false|false\u00bb custom_margin_phone=\u00bb|10px||10px|false|false\u00bb custom_margin_last_edited=\u00bbon|tablet\u00bb][\/et_pb_wc_description][et_pb_wc_meta disabled_on=\u00bbon|on|off\u00bb _builder_version=\u00bb4.8.1&#8243; _module_preset=\u00bbdefault\u00bb custom_margin_tablet=\u00bb|10px||10px|false|false\u00bb custom_margin_phone=\u00bb|10px||10px|false|false\u00bb custom_margin_last_edited=\u00bbon|phone\u00bb][\/et_pb_wc_meta][\/et_pb_column][et_pb_column type=\u00bb1_4&#8243; _builder_version=\u00bb3.25&#8243; custom_padding=\u00bb|||\u00bb custom_padding__hover=\u00bb|||\u00bb][et_pb_sidebar show_border=\u00bboff\u00bb disabled_on=\u00bbon|on|off\u00bb _builder_version=\u00bb4.8.1&#8243; _module_preset=\u00bbdefault\u00bb custom_margin_tablet=\u00bb|10px||10px|false|false\u00bb custom_margin_phone=\u00bb|10px||10px|false|false\u00bb custom_margin_last_edited=\u00bbon|tablet\u00bb border_width_left=\u00bb2px\u00bb border_color_left=\u00bb#000000&#8243;][\/et_pb_sidebar][\/et_pb_column][\/et_pb_row][\/et_pb_section][et_pb_section fb_built=\u00bb1&#8243; _builder_version=\u00bb4.8.1&#8243; _module_preset=\u00bbdefault\u00bb background_color=\u00bb#dddddd\u00bb custom_padding=\u00bb46px|||||\u00bb][et_pb_row _builder_version=\u00bb4.8.1&#8243; _module_preset=\u00bbdefault\u00bb width=\u00bb95%\u00bb max_width=\u00bb1350px\u00bb][et_pb_column type=\u00bb4_4&#8243; _builder_version=\u00bb4.8.1&#8243; _module_preset=\u00bbdefault\u00bb][et_pb_toggle title=\u00bbTALLES\u00bb open_toggle_background_color=\u00bb#f7f7f7&#8243; closed_toggle_background_color=\u00bb#efefef\u00bb icon_color=\u00bb#5b5b5b\u00bb _builder_version=\u00bb4.8.1&#8243; _module_preset=\u00bbdefault\u00bb title_text_color=\u00bb#5b5b5b\u00bb title_font=\u00bb|700|||||||\u00bb title_font_size=\u00bb20px\u00bb body_font_size=\u00bb11px\u00bb body_line_height=\u00bb1.1em\u00bb body_font_size_tablet=\u00bb9px\u00bb body_font_size_phone=\u00bb\u00bb body_font_size_last_edited=\u00bbon|phone\u00bb]<\/p>\n<table width=\"438\">\n<tbody>\n<tr>\n<td width=\"80\"><strong>C\u00f3digo<\/strong><\/td>\n<td width=\"358\"><strong>Talle<\/strong><\/td>\n<\/tr>\n<tr>\n<td>25-002-01<\/td>\n<td>1<\/td>\n<\/tr>\n<tr>\n<td>25-002-02<\/td>\n<td>2<\/td>\n<\/tr>\n<tr>\n<td>25-002-03<\/td>\n<td>3<\/td>\n<\/tr>\n<tr>\n<td>25-002-04<\/td>\n<td>4<\/td>\n<\/tr>\n<tr>\n<td>25-007-13<\/td>\n<td>A medida<\/td>\n<\/tr>\n<\/tbody>\n<\/table>\n<p>[\/et_pb_toggle][\/et_pb_column][\/et_pb_row][\/et_pb_section][et_pb_section fb_built=\u00bb1&#8243; _builder_version=\u00bb4.8.1&#8243; _module_preset=\u00bbdefault\u00bb background_color=\u00bb#510084&#8243; min_height=\u00bb109px\u00bb custom_padding=\u00bb47px||66px|||\u00bb][et_pb_row column_structure=\u00bb1_2,1_2&#8243; _builder_version=\u00bb4.8.1&#8243; _module_preset=\u00bbdefault\u00bb max_width=\u00bb1350px\u00bb custom_margin=\u00bb11px|auto||auto||\u00bb custom_padding=\u00bb24px||14px|||\u00bb][et_pb_column type=\u00bb1_2&#8243; _builder_version=\u00bb4.8.1&#8243; _module_preset=\u00bbdefault\u00bb][et_pb_text content_tablet=\u00bb<\/p>\n<p style=%22text-align: center;%22>CAT\u00c1LOGO DEL PRODUCTO<\/p>\n<p>\u00bb content_phone=\u00bb<\/p>\n<p style=%22text-align: center;%22>CAT\u00c1LOGO DE PRODUCTO<\/p>\n<p>\u00bb content_last_edited=\u00bbon|phone\u00bb _builder_version=\u00bb4.8.1&#8243; _module_preset=\u00bbdefault\u00bb text_font=\u00bbMontserrat|700|||||||\u00bb text_text_color=\u00bb#FFFFFF\u00bb text_font_size=\u00bb22px\u00bb background_layout=\u00bbdark\u00bb custom_padding=\u00bb10px|||||\u00bb]<\/p>\n<p>CAT\u00c1LOGO DEL PRODUCTO<\/p>\n<p>[\/et_pb_text][\/et_pb_column][et_pb_column type=\u00bb1_2&#8243; _builder_version=\u00bb4.8.1&#8243; _module_preset=\u00bbdefault\u00bb][et_pb_button button_url=\u00bbhttp:\/\/implantca.com.ar\/wp-content\/uploads\/2021\/09\/Brochure_Brace_de_Humero.pdf\u00bb button_text=\u00bbABRIR\u00bb button_alignment=\u00bbcenter\u00bb _builder_version=\u00bb4.8.1&#8243; _module_preset=\u00bbdefault\u00bb custom_button=\u00bbon\u00bb button_text_size=\u00bb18px\u00bb button_text_color=\u00bb#FFFFFF\u00bb button_border_width=\u00bb1px\u00bb button_border_radius=\u00bb5px\u00bb button_letter_spacing=\u00bb1px\u00bb button_font=\u00bbMontserrat|700|||||||\u00bb background_layout=\u00bbdark\u00bb][\/et_pb_button][\/et_pb_column][\/et_pb_row][\/et_pb_section][et_pb_section fb_built=\u00bb1&#8243; _builder_version=\u00bb4.8.1&#8243; _module_preset=\u00bbdefault\u00bb background_color=\u00bb#878787&#8243; min_height=\u00bb109px\u00bb custom_padding=\u00bb47px||66px|||\u00bb][et_pb_row column_structure=\u00bb1_2,1_2&#8243; _builder_version=\u00bb4.8.1&#8243; _module_preset=\u00bbdefault\u00bb max_width=\u00bb1350px\u00bb custom_margin=\u00bb11px|auto||auto||\u00bb custom_padding=\u00bb16px||14px|||\u00bb][et_pb_column type=\u00bb1_2&#8243; _builder_version=\u00bb4.8.1&#8243; _module_preset=\u00bbdefault\u00bb][et_pb_text content_tablet=\u00bb<\/p>\n<p style=%22text-align: center;%22>PLANILLA DE MEDICI\u00d3N<\/p>\n<p>\u00bb content_phone=\u00bb<\/p>\n<p style=%22text-align: center;%22>PLANILLA DE MEDICI\u00d3N<\/p>\n<p>\u00bb content_last_edited=\u00bbon|phone\u00bb _builder_version=\u00bb4.8.1&#8243; _module_preset=\u00bbdefault\u00bb text_font=\u00bbMontserrat|700|||||||\u00bb text_text_color=\u00bb#FFFFFF\u00bb text_font_size=\u00bb22px\u00bb background_layout=\u00bbdark\u00bb custom_padding=\u00bb10px|||||\u00bb text_orientation_tablet=\u00bb\u00bb text_orientation_phone=\u00bb\u00bb text_orientation_last_edited=\u00bbon|desktop\u00bb]<\/p>\n<p>PLANILLA DE MEDICI\u00d3N<\/p>\n<p>[\/et_pb_text][\/et_pb_column][et_pb_column type=\u00bb1_2&#8243; _builder_version=\u00bb4.8.1&#8243; _module_preset=\u00bbdefault\u00bb][et_pb_button button_url=\u00bbhttp:\/\/implantca.com.ar\/wp-content\/uploads\/2021\/09\/Planilla_Ynmo_Brace_de_Humero.pdf\u00bb button_text=\u00bbABRIR\u00bb button_alignment=\u00bbcenter\u00bb _builder_version=\u00bb4.8.1&#8243; _module_preset=\u00bbdefault\u00bb custom_button=\u00bbon\u00bb button_text_size=\u00bb18px\u00bb button_text_color=\u00bb#FFFFFF\u00bb button_border_width=\u00bb1px\u00bb button_border_radius=\u00bb5px\u00bb button_letter_spacing=\u00bb1px\u00bb button_font=\u00bbMontserrat|700|||||||\u00bb background_layout=\u00bbdark\u00bb][\/et_pb_button][\/et_pb_column][\/et_pb_row][\/et_pb_section][et_pb_section fb_built=\u00bb1&#8243; disabled_on=\u00bbon|on|on\u00bb _builder_version=\u00bb4.8.1&#8243; _module_preset=\u00bbdefault\u00bb background_color=\u00bb#dddddd\u00bb disabled=\u00bbon\u00bb collapsed=\u00bboff\u00bb][et_pb_row _builder_version=\u00bb4.8.1&#8243; _module_preset=\u00bbdefault\u00bb][et_pb_column type=\u00bb4_4&#8243; _builder_version=\u00bb4.8.1&#8243; _module_preset=\u00bbdefault\u00bb][et_pb_video _builder_version=\u00bb4.8.1&#8243; _module_preset=\u00bbdefault\u00bb width=\u00bb80%\u00bb module_alignment=\u00bbcenter\u00bb][\/et_pb_video][\/et_pb_column][\/et_pb_row][\/et_pb_section][et_pb_section fb_built=\u00bb1&#8243; _builder_version=\u00bb4.8.1&#8243; _module_preset=\u00bbdefault\u00bb background_color=\u00bb#dddddd\u00bb custom_padding=\u00bb2px|||||\u00bb][et_pb_row _builder_version=\u00bb4.8.1&#8243; background_size=\u00bbinitial\u00bb background_position=\u00bbtop_left\u00bb background_repeat=\u00bbrepeat\u00bb width=\u00bb95%\u00bb max_width=\u00bb1350px\u00bb custom_padding=\u00bb||0px|||\u00bb][et_pb_column type=\u00bb4_4&#8243; _builder_version=\u00bb3.25&#8243; custom_padding=\u00bb|||\u00bb custom_padding__hover=\u00bb|||\u00bb][et_pb_wc_upsells _builder_version=\u00bb4.8.1&#8243; min_height=\u00bb0px\u00bb custom_margin=\u00bb0px||33px||false|false\u00bb][\/et_pb_wc_upsells][et_pb_wc_related_products _builder_version=\u00bb4.8.1&#8243; product_title_font_size=\u00bb14px\u00bb text_orientation=\u00bbcenter\u00bb width=\u00bb100%\u00bb max_width=\u00bb100%\u00bb max_width_tablet=\u00bb100%\u00bb max_width_phone=\u00bb100%\u00bb max_width_last_edited=\u00bbon|phone\u00bb module_alignment=\u00bbcenter\u00bb custom_margin=\u00bb|||34px||\u00bb custom_padding=\u00bb|0px||0px|false|false\u00bb][\/et_pb_wc_related_products][\/et_pb_column][\/et_pb_row][\/et_pb_section]<\/p>\n","protected":false},"excerpt":{"rendered":"<div class=\"rtf-productos\">\n<div class=\"rtf-productos\">\n<div class=\"rtf-productos\">\n<div class=\"rtf-productos\">\n<div class=\"rtf-productos\">\n<p>F\u00e9rula estabilizadora de brazo compresiva. Compuesta por dos valvas semi r\u00edgidas con soporte en el hombro junto a ballena lateral r\u00edgida. Ajustable\u00a0mediante abrojo.<\/p>\n<p>Indicada para pacientes con fracturas de h\u00famero, pseudoartrosis de h\u00famero y retardo de consolidaci\u00f3n.<\/p>\n<div class=\"separador\"><\/div>\n<\/div>\n<\/div>\n<div class=\"separador\"><\/div>\n<\/div>\n<div class=\"separador\"><\/div>\n<\/div>\n<div class=\"separador\"><\/div>\n<\/div>","protected":false},"featured_media":1118,"template":"","meta":{"_et_pb_use_builder":"on","_et_pb_old_content":"","_et_gb_content_width":"","_joinchat":[]},"product_brand":[],"product_cat":[111],"product_tag":[114,116,110,108,119,117,93,113,121,109,118,103,120,115,54,112,92],"class_list":{"0":"post-1076","1":"product","2":"type-product","3":"status-publish","4":"has-post-thumbnail","6":"product_cat-ferulas-ynmo","7":"product_tag-antebraquio","8":"product_tag-antebraquiopalmar","9":"product_tag-codo","10":"product_tag-cubito","11":"product_tag-dedo","12":"product_tag-falanges","13":"product_tag-ferula","14":"product_tag-fractura","15":"product_tag-inmovilizador","16":"product_tag-mano","17":"product_tag-metacarpeanos","18":"product_tag-muneca","19":"product_tag-palma","20":"product_tag-palmar","21":"product_tag-radio","22":"product_tag-yeso","23":"product_tag-ynmo","25":"first","26":"instock","27":"shipping-taxable","28":"product-type-simple"},"_links":{"self":[{"href":"https:\/\/implantca.com.ar\/en\/wp-json\/wp\/v2\/product\/1076","targetHints":{"allow":["GET"]}}],"collection":[{"href":"https:\/\/implantca.com.ar\/en\/wp-json\/wp\/v2\/product"}],"about":[{"href":"https:\/\/implantca.com.ar\/en\/wp-json\/wp\/v2\/types\/product"}],"wp:featuredmedia":[{"embeddable":true,"href":"https:\/\/implantca.com.ar\/en\/wp-json\/wp\/v2\/media\/1118"}],"wp:attachment":[{"href":"https:\/\/implantca.com.ar\/en\/wp-json\/wp\/v2\/media?parent=1076"}],"wp:term":[{"taxonomy":"product_brand","embeddable":true,"href":"https:\/\/implantca.com.ar\/en\/wp-json\/wp\/v2\/product_brand?post=1076"},{"taxonomy":"product_cat","embeddable":true,"href":"https:\/\/implantca.com.ar\/en\/wp-json\/wp\/v2\/product_cat?post=1076"},{"taxonomy":"product_tag","embeddable":true,"href":"https:\/\/implantca.com.ar\/en\/wp-json\/wp\/v2\/product_tag?post=1076"}],"curies":[{"name":"wp","href":"https:\/\/api.w.org\/{rel}","templated":true}]}}