{"id":469,"date":"2021-06-24T13:41:25","date_gmt":"2021-06-24T16:41:25","guid":{"rendered":"https:\/\/implantca.com.ar\/?page_id=469"},"modified":"2021-07-19T10:25:08","modified_gmt":"2021-07-19T13:25:08","slug":"ynmo","status":"publish","type":"page","link":"https:\/\/implantca.com.ar\/en\/ynmo","title":{"rendered":"YNMO"},"content":{"rendered":"<p>[et_pb_section fb_built=\u00bb1&#8243; fullwidth=\u00bbon\u00bb _builder_version=\u00bb4.8.1&#8243; _module_preset=\u00bbdefault\u00bb background_enable_image=\u00bboff\u00bb][et_pb_fullwidth_slider use_bg_overlay=\u00bboff\u00bb use_text_overlay=\u00bbon\u00bb _builder_version=\u00bb4.8.1&#8243; _module_preset=\u00bbdefault\u00bb background_enable_color=\u00bboff\u00bb background_enable_image=\u00bboff\u00bb custom_padding=\u00bb161px||309px|||\u00bb][et_pb_slide image=\u00bbhttp:\/\/implantca.com.ar\/wp-content\/uploads\/2021\/04\/Logo-YNMO.png\u00bb use_bg_overlay=\u00bbon\u00bb bg_overlay_color=\u00bbrgba(0,0,0,0.55)\u00bb use_text_overlay=\u00bboff\u00bb image_tablet=\u00bb\u00bb image_phone=\u00bb\u00bb image_last_edited=\u00bbon|phone\u00bb _builder_version=\u00bb4.8.1&#8243; _module_preset=\u00bbdefault\u00bb header_level=\u00bbh1&#8243; header_font=\u00bb|700|||||||\u00bb header_text_align=\u00bbleft\u00bb body_font_size=\u00bb19px\u00bb background_enable_color=\u00bboff\u00bb background_image=\u00bbhttp:\/\/implantca.com.ar\/wp-content\/uploads\/2021\/07\/Foto-Portada-YNMO.jpg\u00bb background_enable_image=\u00bbon\u00bb sticky_transition=\u00bbon\u00bb][\/et_pb_slide][\/et_pb_fullwidth_slider][\/et_pb_section][et_pb_section fb_built=\u00bb1&#8243; _builder_version=\u00bb4.8.1&#8243; _module_preset=\u00bbdefault\u00bb custom_margin=\u00bb-2px|||||\u00bb custom_padding=\u00bb||45px|||\u00bb][et_pb_row _builder_version=\u00bb4.8.1&#8243; _module_preset=\u00bbdefault\u00bb custom_padding=\u00bb||12px|||\u00bb][et_pb_column type=\u00bb4_4&#8243; _builder_version=\u00bb4.8.1&#8243; _module_preset=\u00bbdefault\u00bb][et_pb_text _builder_version=\u00bb4.8.1&#8243; _module_preset=\u00bbdefault\u00bb header_font=\u00bb|300|||||||\u00bb header_font_size=\u00bb40px\u00bb]<\/p>\n<h1>Qu\u00e9 es YNMO<\/h1>\n<p>[\/et_pb_text][\/et_pb_column][\/et_pb_row][et_pb_row column_structure=\u00bb1_2,1_2&#8243; _builder_version=\u00bb4.8.1&#8243; _module_preset=\u00bbdefault\u00bb][et_pb_column type=\u00bb1_2&#8243; _builder_version=\u00bb4.8.1&#8243; _module_preset=\u00bbdefault\u00bb][et_pb_text _builder_version=\u00bb4.8.1&#8243; _module_preset=\u00bbdefault\u00bb text_font_size=\u00bb16px\u00bb]<\/p>\n<p><span>Apoyados en la creaci\u00f3n de un departamento de I+D y trabajando en conjunto con profesionales m\u00e9dicos del sector, se incorporo <strong>Tecnolog\u00eda 3D<\/strong> para el dise\u00f1o y manufactura de productos a los que denominamos YNMO.<\/span><\/p>\n<p><span> Desarrollamos productos y procedimientos innovadores, para as\u00ed poder brindar soluciones a problemas no resueltos y de esta manera mejorar la calidad de vida de nuestros pacientes.<\/span><\/p>\n<p>[\/et_pb_text][\/et_pb_column][et_pb_column type=\u00bb1_2&#8243; _builder_version=\u00bb4.8.1&#8243; _module_preset=\u00bbdefault\u00bb][et_pb_image src=\u00bbhttp:\/\/implantca.com.ar\/wp-content\/uploads\/2021\/06\/YNMO_-Logo-Color.png\u00bb title_text=\u00bbYNMO_-Logo-Color\u00bb align=\u00bbcenter\u00bb _builder_version=\u00bb4.8.1&#8243; _module_preset=\u00bbdefault\u00bb width=\u00bb70%\u00bb width_tablet=\u00bb\u00bb width_phone=\u00bb80%\u00bb width_last_edited=\u00bbon|desktop\u00bb][\/et_pb_image][\/et_pb_column][\/et_pb_row][\/et_pb_section][et_pb_section fb_built=\u00bb1&#8243; _builder_version=\u00bb4.8.1&#8243; _module_preset=\u00bbdefault\u00bb background_color=\u00bb#939393&#8243; background_image=\u00bbhttp:\/\/implantca.com.ar\/wp-content\/uploads\/2021\/06\/braqui-palmar.png\u00bb background_size=\u00bbinitial\u00bb background_blend=\u00bbsoft-light\u00bb custom_margin=\u00bb0px||||false|false\u00bb custom_padding=\u00bb0px||0px|0px|false|false\u00bb][et_pb_row _builder_version=\u00bb4.8.1&#8243; _module_preset=\u00bbdefault\u00bb custom_padding=\u00bb0px||0px|||\u00bb][et_pb_column type=\u00bb4_4&#8243; _builder_version=\u00bb4.8.1&#8243; _module_preset=\u00bbdefault\u00bb][et_pb_image src=\u00bbhttp:\/\/implantca.com.ar\/wp-content\/uploads\/2021\/06\/braqui-palmar.png\u00bb title_text=\u00bbbraqui-palmar\u00bb align=\u00bbcenter\u00bb _builder_version=\u00bb4.8.1&#8243; _module_preset=\u00bbdefault\u00bb width=\u00bb55%\u00bb][\/et_pb_image][\/et_pb_column][\/et_pb_row][\/et_pb_section][et_pb_section fb_built=\u00bb1&#8243; _builder_version=\u00bb4.8.1&#8243; _module_preset=\u00bbdefault\u00bb custom_padding=\u00bb||27px|||\u00bb][et_pb_row _builder_version=\u00bb4.8.1&#8243; _module_preset=\u00bbdefault\u00bb][et_pb_column type=\u00bb4_4&#8243; _builder_version=\u00bb4.8.1&#8243; _module_preset=\u00bbdefault\u00bb][et_pb_text _builder_version=\u00bb4.8.1&#8243; _module_preset=\u00bbdefault\u00bb header_font=\u00bb|300|||||||\u00bb header_font_size=\u00bb40px\u00bb]<\/p>\n<h1>Ventajas de YNMO<\/h1>\n<p>[\/et_pb_text][et_pb_text _builder_version=\u00bb4.8.1&#8243; _module_preset=\u00bbdefault\u00bb text_font_size=\u00bb16px\u00bb]<\/p>\n<p><strong>YesoNuncaMas<\/strong><span>\u00a0se utilizan para inmovilizar un miembro fracturado en un paciente o para inmovilizar un miembro luego de una intervenci\u00f3n quir\u00fargica obteniendo las siguientes ventajas:<\/span><\/p>\n<p>[\/et_pb_text][\/et_pb_column][\/et_pb_row][et_pb_row _builder_version=\u00bb4.8.1&#8243; _module_preset=\u00bbdefault\u00bb][et_pb_column type=\u00bb4_4&#8243; _builder_version=\u00bb4.8.1&#8243; _module_preset=\u00bbdefault\u00bb][et_pb_text _builder_version=\u00bb4.8.1&#8243; _module_preset=\u00bbdefault\u00bb text_text_color=\u00bb#459a40&#8243; header_3_text_align=\u00bbcenter\u00bb header_3_text_color=\u00bb#459a40&#8243; header_3_line_height=\u00bb1.3em\u00bb background_enable_color=\u00bboff\u00bb custom_margin=\u00bb|65px||65px|false|false\u00bb custom_margin_tablet=\u00bb\u00bb custom_margin_phone=\u00bb|0px||0px|false|false\u00bb custom_margin_last_edited=\u00bbon|phone\u00bb custom_padding=\u00bb1px|10px|10px|10px|false|false\u00bb header_3_font_size_tablet=\u00bb16px\u00bb header_3_font_size_phone=\u00bb16px\u00bb header_3_font_size_last_edited=\u00bbon|phone\u00bb border_radii=\u00bbon|24px|24px|24px|24px\u00bb]<\/p>\n<h3><strong>Entrega inmediata o menor a 24hs.<\/strong><\/h3>\n<h3><strong>Liviano, peso aproximado 250gr.<\/strong><\/h3>\n<h3><strong>Con goma interna para mayor confort.<\/strong><\/h3>\n<h3><strong>Personalizado a la anatom\u00eda de cada paciente con tecnolog\u00eda 3D.<\/strong><\/h3>\n<h3><strong>Resistente al agua y construido con materiales lavables.<\/strong><\/h3>\n<p>[\/et_pb_text][\/et_pb_column][\/et_pb_row][et_pb_row column_structure=\u00bb1_2,1_2&#8243; _builder_version=\u00bb4.8.1&#8243; _module_preset=\u00bbdefault\u00bb custom_margin=\u00bb|auto|6px|auto||\u00bb custom_padding=\u00bb38px||43px|||\u00bb][et_pb_column type=\u00bb1_2&#8243; _builder_version=\u00bb4.8.1&#8243; _module_preset=\u00bbdefault\u00bb][et_pb_image src=\u00bbhttp:\/\/implantca.com.ar\/wp-content\/uploads\/2021\/07\/Chico-Futbol-YNMO.jpg\u00bb title_text=\u00bbChico-Futbol-YNMO\u00bb _builder_version=\u00bb4.8.1&#8243; _module_preset=\u00bbdefault\u00bb][\/et_pb_image][\/et_pb_column][et_pb_column type=\u00bb1_2&#8243; _builder_version=\u00bb4.8.1&#8243; _module_preset=\u00bbdefault\u00bb][et_pb_image src=\u00bbhttp:\/\/implantca.com.ar\/wp-content\/uploads\/2021\/07\/YNMO-escafoide.jpg\u00bb title_text=\u00bbYNMO-escafoide\u00bb _builder_version=\u00bb4.8.1&#8243; _module_preset=\u00bbdefault\u00bb][\/et_pb_image][\/et_pb_column][\/et_pb_row][\/et_pb_section][et_pb_section fb_built=\u00bb1&#8243; _builder_version=\u00bb4.8.1&#8243; _module_preset=\u00bbdefault\u00bb custom_padding=\u00bb||50px|||\u00bb][et_pb_row _builder_version=\u00bb4.8.1&#8243; _module_preset=\u00bbdefault\u00bb][et_pb_column type=\u00bb4_4&#8243; _builder_version=\u00bb4.8.1&#8243; _module_preset=\u00bbdefault\u00bb][et_pb_text _builder_version=\u00bb4.8.1&#8243; _module_preset=\u00bbdefault\u00bb header_font=\u00bb|300|||||||\u00bb header_font_size=\u00bb40px\u00bb]<\/p>\n<h1>Linea de Productos YNMO<\/h1>\n<p>[\/et_pb_text][\/et_pb_column][\/et_pb_row][et_pb_row column_structure=\u00bb1_4,1_4,1_4,1_4&#8243; use_custom_gutter=\u00bbon\u00bb gutter_width=\u00bb1&#8243; _builder_version=\u00bb4.8.1&#8243; _module_preset=\u00bbdefault\u00bb transform_scale_tablet=\u00bb100%|100%\u00bb transform_scale_phone=\u00bb\u00bb transform_scale_last_edited=\u00bbon|desktop\u00bb transform_translate_tablet=\u00bb\u00bb transform_translate_phone=\u00bb\u00bb transform_translate_last_edited=\u00bbon|desktop\u00bb transform_rotate_tablet=\u00bb\u00bb transform_rotate_phone=\u00bb\u00bb transform_rotate_last_edited=\u00bbon|desktop\u00bb transform_skew_tablet=\u00bb\u00bb transform_skew_phone=\u00bb\u00bb transform_skew_last_edited=\u00bbon|desktop\u00bb transform_origin_tablet=\u00bb\u00bb transform_origin_phone=\u00bb\u00bb transform_origin_last_edited=\u00bbon|desktop\u00bb transform_styles_last_edited=\u00bbon|desktop\u00bb width=\u00bb100%\u00bb module_alignment=\u00bbcenter\u00bb custom_margin=\u00bb|auto|0px|-10px|false|false\u00bb custom_padding=\u00bb||0px||false|false\u00bb transform_styles_tablet=\u00bb\u00bb transform_styles_phone=\u00bb\u00bb][et_pb_column type=\u00bb1_4&#8243; _builder_version=\u00bb4.8.1&#8243; _module_preset=\u00bbdefault\u00bb custom_padding=\u00bb0px||0px|0px|false|false\u00bb][et_pb_image src=\u00bbhttp:\/\/implantca.com.ar\/wp-content\/uploads\/2021\/06\/Baby-Boots.jpg\u00bb title_text=\u00bbBaby-Boots\u00bb show_in_lightbox=\u00bbon\u00bb use_overlay=\u00bbon\u00bb overlay_icon_color=\u00bb#ce8c1a\u00bb hover_overlay_color=\u00bbrgba(75,28,86,0.79)\u00bb align=\u00bbcenter\u00bb force_fullwidth=\u00bbon\u00bb _builder_version=\u00bb4.8.1&#8243; _module_preset=\u00bbdefault\u00bb background_color=\u00bb#7CDA24&#8243; background_enable_image=\u00bboff\u00bb custom_margin_tablet=\u00bb\u00bb custom_margin_phone=\u00bb\u00bb custom_margin_last_edited=\u00bbon|phone\u00bb][\/et_pb_image][et_pb_text _builder_version=\u00bb4.8.1&#8243; _module_preset=\u00bbdefault\u00bb text_font_size=\u00bb22px\u00bb custom_margin=\u00bb15px||||false|false\u00bb]<\/p>\n<p style=\"text-align: center;\">Baby Boots<\/p>\n<p>[\/et_pb_text][\/et_pb_column][et_pb_column type=\u00bb1_4&#8243; _builder_version=\u00bb4.8.1&#8243; _module_preset=\u00bbdefault\u00bb][et_pb_image src=\u00bbhttp:\/\/implantca.com.ar\/wp-content\/uploads\/2021\/06\/Bota-Clasica.jpg\u00bb title_text=\u00bbBota-Clasica\u00bb show_in_lightbox=\u00bbon\u00bb use_overlay=\u00bbon\u00bb overlay_icon_color=\u00bb#ce8c1a\u00bb hover_overlay_color=\u00bbrgba(75,28,86,0.79)\u00bb align=\u00bbcenter\u00bb force_fullwidth=\u00bbon\u00bb _builder_version=\u00bb4.8.1&#8243; _module_preset=\u00bbdefault\u00bb background_color=\u00bb#7CDA24&#8243; background_enable_image=\u00bboff\u00bb custom_margin=\u00bb0px||||false|false\u00bb custom_margin_tablet=\u00bb\u00bb custom_margin_phone=\u00bb45px||||false|false\u00bb custom_margin_last_edited=\u00bbon|phone\u00bb][\/et_pb_image][et_pb_text _builder_version=\u00bb4.8.1&#8243; _module_preset=\u00bbdefault\u00bb text_font_size=\u00bb22px\u00bb custom_margin=\u00bb15px||||false|false\u00bb custom_padding=\u00bb0px||||false|false\u00bb]<\/p>\n<p style=\"text-align: center;\">Bota Cl\u00e1sica<\/p>\n<p>[\/et_pb_text][\/et_pb_column][et_pb_column type=\u00bb1_4&#8243; _builder_version=\u00bb4.8.1&#8243; _module_preset=\u00bbdefault\u00bb][et_pb_image src=\u00bbhttp:\/\/implantca.com.ar\/wp-content\/uploads\/2021\/06\/YNMO-Escafoide.jpg\u00bb title_text=\u00bbYNMO-Escafoide\u00bb show_in_lightbox=\u00bbon\u00bb use_overlay=\u00bbon\u00bb overlay_icon_color=\u00bb#ce8c1a\u00bb hover_overlay_color=\u00bbrgba(75,28,86,0.79)\u00bb align=\u00bbcenter\u00bb force_fullwidth=\u00bbon\u00bb _builder_version=\u00bb4.8.1&#8243; _module_preset=\u00bbdefault\u00bb background_color=\u00bb#7CDA24&#8243; background_enable_image=\u00bboff\u00bb custom_margin=\u00bb0px||||false|false\u00bb custom_margin_tablet=\u00bb45px||||false|false\u00bb custom_margin_phone=\u00bb45px||||false|false\u00bb custom_margin_last_edited=\u00bbon|tablet\u00bb][\/et_pb_image][et_pb_text _builder_version=\u00bb4.8.1&#8243; _module_preset=\u00bbdefault\u00bb text_font_size=\u00bb22px\u00bb custom_margin=\u00bb15px||||false|false\u00bb]<\/p>\n<p style=\"text-align: center;\">YNMO Escafoide<\/p>\n<p>[\/et_pb_text][\/et_pb_column][et_pb_column type=\u00bb1_4&#8243; _builder_version=\u00bb4.8.1&#8243; _module_preset=\u00bbdefault\u00bb][et_pb_image src=\u00bbhttp:\/\/implantca.com.ar\/wp-content\/uploads\/2021\/06\/YNMO-Kids.jpg\u00bb title_text=\u00bbYNMO-Kids\u00bb show_in_lightbox=\u00bbon\u00bb use_overlay=\u00bbon\u00bb overlay_icon_color=\u00bb#ce8c1a\u00bb hover_overlay_color=\u00bbrgba(75,28,86,0.79)\u00bb align=\u00bbcenter\u00bb force_fullwidth=\u00bbon\u00bb _builder_version=\u00bb4.8.1&#8243; _module_preset=\u00bbdefault\u00bb background_color=\u00bb#7CDA24&#8243; background_enable_image=\u00bboff\u00bb custom_margin=\u00bb0px||||false|false\u00bb custom_margin_tablet=\u00bb45px||||false|false\u00bb custom_margin_phone=\u00bb45px||||false|false\u00bb custom_margin_last_edited=\u00bbon|tablet\u00bb][\/et_pb_image][et_pb_text _builder_version=\u00bb4.8.1&#8243; _module_preset=\u00bbdefault\u00bb text_font_size=\u00bb22px\u00bb custom_margin=\u00bb15px||||false|false\u00bb]<\/p>\n<p style=\"text-align: center;\">YNMO Kids<\/p>\n<p>[\/et_pb_text][\/et_pb_column][\/et_pb_row][et_pb_row column_structure=\u00bb1_4,1_4,1_4,1_4&#8243; use_custom_gutter=\u00bbon\u00bb gutter_width=\u00bb1&#8243; _builder_version=\u00bb4.8.1&#8243; _module_preset=\u00bbdefault\u00bb transform_scale_tablet=\u00bb100%|100%\u00bb transform_scale_phone=\u00bb\u00bb transform_scale_last_edited=\u00bbon|desktop\u00bb transform_translate_tablet=\u00bb\u00bb transform_translate_phone=\u00bb\u00bb transform_translate_last_edited=\u00bbon|desktop\u00bb transform_rotate_tablet=\u00bb\u00bb transform_rotate_phone=\u00bb\u00bb transform_rotate_last_edited=\u00bbon|desktop\u00bb transform_skew_tablet=\u00bb\u00bb transform_skew_phone=\u00bb\u00bb transform_skew_last_edited=\u00bbon|desktop\u00bb transform_origin_tablet=\u00bb\u00bb transform_origin_phone=\u00bb\u00bb transform_origin_last_edited=\u00bbon|desktop\u00bb transform_styles_last_edited=\u00bbon|desktop\u00bb width=\u00bb100%\u00bb module_alignment=\u00bbcenter\u00bb custom_margin=\u00bb|auto|0px|-10px|false|false\u00bb custom_padding=\u00bb||0px||false|false\u00bb transform_styles_tablet=\u00bb\u00bb transform_styles_phone=\u00bb\u00bb][et_pb_column type=\u00bb1_4&#8243; _builder_version=\u00bb4.8.1&#8243; _module_preset=\u00bbdefault\u00bb custom_padding=\u00bb0px||0px|0px|false|false\u00bb][et_pb_image src=\u00bbhttp:\/\/implantca.com.ar\/wp-content\/uploads\/2021\/06\/YNMO-Braquiopalmar.jpg\u00bb title_text=\u00bbYNMO-Braquiopalmar\u00bb show_in_lightbox=\u00bbon\u00bb use_overlay=\u00bbon\u00bb overlay_icon_color=\u00bb#ce8c1a\u00bb hover_overlay_color=\u00bbrgba(75,28,86,0.79)\u00bb align=\u00bbcenter\u00bb force_fullwidth=\u00bbon\u00bb _builder_version=\u00bb4.8.1&#8243; _module_preset=\u00bbdefault\u00bb background_color=\u00bb#7CDA24&#8243; background_enable_image=\u00bboff\u00bb custom_margin=\u00bb0px||||false|false\u00bb custom_margin_tablet=\u00bb\u00bb custom_margin_phone=\u00bb0px||||false|false\u00bb custom_margin_last_edited=\u00bbon|phone\u00bb][\/et_pb_image][et_pb_text _builder_version=\u00bb4.8.1&#8243; _module_preset=\u00bbdefault\u00bb text_font_size=\u00bb22px\u00bb custom_margin=\u00bb15px||||false|false\u00bb]<\/p>\n<p style=\"text-align: center;\">YNMO Braquiopalmar<\/p>\n<p>[\/et_pb_text][\/et_pb_column][et_pb_column type=\u00bb1_4&#8243; _builder_version=\u00bb4.8.1&#8243; _module_preset=\u00bbdefault\u00bb][et_pb_image src=\u00bbhttp:\/\/implantca.com.ar\/wp-content\/uploads\/2021\/06\/YNMO-Antebraqui-Evo.jpg\u00bb title_text=\u00bbYNMO-Antebraqui-Evo\u00bb show_in_lightbox=\u00bbon\u00bb use_overlay=\u00bbon\u00bb overlay_icon_color=\u00bb#ce8c1a\u00bb hover_overlay_color=\u00bbrgba(75,28,86,0.79)\u00bb align=\u00bbcenter\u00bb force_fullwidth=\u00bbon\u00bb _builder_version=\u00bb4.8.1&#8243; _module_preset=\u00bbdefault\u00bb background_color=\u00bb#7CDA24&#8243; background_enable_image=\u00bboff\u00bb custom_margin=\u00bb0px||||false|false\u00bb custom_margin_tablet=\u00bb0px||||false|false\u00bb custom_margin_phone=\u00bb45px||||false|false\u00bb custom_margin_last_edited=\u00bbon|desktop\u00bb][\/et_pb_image][et_pb_text _builder_version=\u00bb4.8.1&#8243; _module_preset=\u00bbdefault\u00bb text_font_size=\u00bb22px\u00bb custom_margin=\u00bb15px||||false|false\u00bb custom_padding=\u00bb0px||||false|false\u00bb]<\/p>\n<p style=\"text-align: center;\">YNMO Antebraquio Evo<\/p>\n<p>[\/et_pb_text][\/et_pb_column][et_pb_column type=\u00bb1_4&#8243; _builder_version=\u00bb4.8.1&#8243; _module_preset=\u00bbdefault\u00bb][et_pb_image src=\u00bbhttp:\/\/implantca.com.ar\/wp-content\/uploads\/2021\/06\/YNMO-Media-Valva.jpg\u00bb title_text=\u00bbYNMO-Media-Valva\u00bb show_in_lightbox=\u00bbon\u00bb use_overlay=\u00bbon\u00bb overlay_icon_color=\u00bb#ce8c1a\u00bb hover_overlay_color=\u00bbrgba(75,28,86,0.79)\u00bb align=\u00bbcenter\u00bb force_fullwidth=\u00bbon\u00bb _builder_version=\u00bb4.8.1&#8243; _module_preset=\u00bbdefault\u00bb background_color=\u00bb#7CDA24&#8243; background_enable_image=\u00bboff\u00bb custom_margin_tablet=\u00bb45px||||false|false\u00bb custom_margin_phone=\u00bb45px||||false|false\u00bb custom_margin_last_edited=\u00bbon|desktop\u00bb][\/et_pb_image][et_pb_text _builder_version=\u00bb4.8.1&#8243; _module_preset=\u00bbdefault\u00bb text_font_size=\u00bb22px\u00bb custom_margin=\u00bb15px||||false|false\u00bb]<\/p>\n<p style=\"text-align: center;\">YNMO Media Valva<\/p>\n<p>[\/et_pb_text][\/et_pb_column][et_pb_column type=\u00bb1_4&#8243; _builder_version=\u00bb4.8.1&#8243; _module_preset=\u00bbdefault\u00bb][et_pb_image src=\u00bbhttp:\/\/implantca.com.ar\/wp-content\/uploads\/2021\/06\/Brace.jpg\u00bb title_text=\u00bbBrace\u00bb show_in_lightbox=\u00bbon\u00bb use_overlay=\u00bbon\u00bb overlay_icon_color=\u00bb#ce8c1a\u00bb hover_overlay_color=\u00bbrgba(75,28,86,0.79)\u00bb align=\u00bbcenter\u00bb force_fullwidth=\u00bbon\u00bb _builder_version=\u00bb4.8.1&#8243; _module_preset=\u00bbdefault\u00bb background_color=\u00bb#7CDA24&#8243; background_enable_image=\u00bboff\u00bb custom_margin=\u00bb0px||||false|false\u00bb custom_margin_tablet=\u00bb45px||||false|false\u00bb custom_margin_phone=\u00bb\u00bb custom_margin_last_edited=\u00bbon|desktop\u00bb][\/et_pb_image][et_pb_text _builder_version=\u00bb4.8.1&#8243; _module_preset=\u00bbdefault\u00bb text_font_size=\u00bb22px\u00bb custom_margin=\u00bb15px||||false|false\u00bb]<\/p>\n<p style=\"text-align: center;\">Brace<\/p>\n<p>[\/et_pb_text][\/et_pb_column][\/et_pb_row][\/et_pb_section][et_pb_section fb_built=\u00bb1&#8243; _builder_version=\u00bb4.8.1&#8243; _module_preset=\u00bbdefault\u00bb background_color=\u00bb#878787&#8243; min_height=\u00bb109px\u00bb custom_padding=\u00bb47px||66px|||\u00bb][et_pb_row column_structure=\u00bb1_2,1_2&#8243; _builder_version=\u00bb4.8.1&#8243; _module_preset=\u00bbdefault\u00bb max_width=\u00bb1350px\u00bb custom_margin=\u00bb11px|auto||auto||\u00bb custom_padding=\u00bb16px||14px|||\u00bb][et_pb_column type=\u00bb1_2&#8243; _builder_version=\u00bb4.8.1&#8243; _module_preset=\u00bbdefault\u00bb][et_pb_text _builder_version=\u00bb4.8.1&#8243; _module_preset=\u00bbdefault\u00bb text_font=\u00bbMontserrat|700|||||||\u00bb text_text_color=\u00bb#FFFFFF\u00bb text_font_size=\u00bb22px\u00bb background_layout=\u00bbdark\u00bb custom_padding=\u00bb10px|||||\u00bb hover_enabled=\u00bb0&#8243; sticky_enabled=\u00bb0&#8243;]<\/p>\n<p>CAT\u00c1LOGO DE PRODUCTOS YNMO<\/p>\n<p>[\/et_pb_text][\/et_pb_column][et_pb_column type=\u00bb1_2&#8243; _builder_version=\u00bb4.8.1&#8243; _module_preset=\u00bbdefault\u00bb][et_pb_button button_text=\u00bbABRIR\u00bb button_alignment=\u00bbright\u00bb _builder_version=\u00bb4.8.1&#8243; _module_preset=\u00bbdefault\u00bb custom_button=\u00bbon\u00bb button_text_size=\u00bb18px\u00bb button_text_color=\u00bb#FFFFFF\u00bb button_border_width=\u00bb1px\u00bb button_border_radius=\u00bb5px\u00bb button_letter_spacing=\u00bb1px\u00bb button_font=\u00bbMontserrat|700|||||||\u00bb background_layout=\u00bbdark\u00bb hover_enabled=\u00bb0&#8243; button_url=\u00bbhttp:\/\/implantca.com.ar\/wp-content\/uploads\/2021\/07\/Catalogo_productos_Ynmo.pdf\u00bb url_new_window=\u00bbon\u00bb sticky_enabled=\u00bb0&#8243;][\/et_pb_button][\/et_pb_column][\/et_pb_row][\/et_pb_section][et_pb_section fb_built=\u00bb1&#8243; _builder_version=\u00bb4.8.1&#8243; _module_preset=\u00bbdefault\u00bb background_color=\u00bb#4c1d56&#8243; custom_padding=\u00bb||40px|||\u00bb][et_pb_row column_structure=\u00bb1_2,1_2&#8243; _builder_version=\u00bb4.8.1&#8243; _module_preset=\u00bbdefault\u00bb][et_pb_column type=\u00bb1_2&#8243; _builder_version=\u00bb4.8.1&#8243; _module_preset=\u00bbdefault\u00bb][et_pb_video src=\u00bbhttp:\/\/implantca.com.ar\/wp-content\/uploads\/2021\/07\/Productos.mp4&#8243; _builder_version=\u00bb4.8.1&#8243; _module_preset=\u00bbdefault\u00bb custom_margin=\u00bb|-6px||||\u00bb custom_padding=\u00bb|3px||||\u00bb][\/et_pb_video][\/et_pb_column][et_pb_column type=\u00bb1_2&#8243; _builder_version=\u00bb4.8.1&#8243; _module_preset=\u00bbdefault\u00bb][et_pb_text _builder_version=\u00bb4.8.1&#8243; _module_preset=\u00bbdefault\u00bb header_2_text_color=\u00bb#FFFFFF\u00bb custom_margin=\u00bb||26px|||\u00bb]<\/p>\n<h2>FRANQUICIAS DISPONIBLES<\/h2>\n<p>[\/et_pb_text][et_pb_text _builder_version=\u00bb4.8.1&#8243; _module_preset=\u00bbdefault\u00bb text_text_color=\u00bb#FFFFFF\u00bb]<\/p>\n<p><span>Con\u00a0<\/span><strong>Ynmo Franquicia<\/strong><span>\u00a0podes comercializar toda la l\u00ednea de productos\u00a0<\/span><strong>Ynmo #YesoNuncaMas<\/strong><span>\u00a0en cualquier lugar del mundo en dos formatos:\u00a0<\/span><span style=\"font-size: 14px;\"><strong>Centro de Producci\u00f3n y Punto de Contacto.<\/strong><\/span><\/p>\n<p>[\/et_pb_text][et_pb_image src=\u00bbhttp:\/\/implantca.com.ar\/wp-content\/uploads\/2021\/07\/Franquicias.png\u00bb title_text=\u00bbFranquicias\u00bb _builder_version=\u00bb4.8.1&#8243; _module_preset=\u00bbdefault\u00bb width=\u00bb50%\u00bb width_tablet=\u00bb\u00bb width_phone=\u00bb100%\u00bb width_last_edited=\u00bbon|desktop\u00bb module_alignment=\u00bbcenter\u00bb][\/et_pb_image][et_pb_button button_url=\u00bbhttps:\/\/implantca.com.ar\/contacto\u00bb button_text=\u00bbQuiero saber m\u00e1s\u00bb button_alignment=\u00bbcenter\u00bb _builder_version=\u00bb4.8.1&#8243; _module_preset=\u00bbdefault\u00bb custom_button=\u00bbon\u00bb button_text_size=\u00bb20px\u00bb button_bg_color=\u00bb#4c1d56&#8243;][\/et_pb_button][\/et_pb_column][\/et_pb_row][\/et_pb_section]<\/p>\n","protected":false},"excerpt":{"rendered":"<p>Qu\u00e9 es YNMOApoyados en la creaci\u00f3n de un departamento de I+D y trabajando en conjunto con profesionales m\u00e9dicos del sector, se incorporo Tecnolog\u00eda 3D para el dise\u00f1o y manufactura de productos a los que denominamos YNMO. Desarrollamos productos y procedimientos innovadores, para as\u00ed poder brindar soluciones a problemas no resueltos y de esta manera mejorar [&hellip;]<\/p>\n","protected":false},"author":1,"featured_media":0,"parent":0,"menu_order":0,"comment_status":"closed","ping_status":"closed","template":"","meta":{"_et_pb_use_builder":"on","_et_pb_old_content":"","_et_gb_content_width":"","_joinchat":[],"footnotes":""},"class_list":["post-469","page","type-page","status-publish","hentry"],"_links":{"self":[{"href":"https:\/\/implantca.com.ar\/en\/wp-json\/wp\/v2\/pages\/469","targetHints":{"allow":["GET"]}}],"collection":[{"href":"https:\/\/implantca.com.ar\/en\/wp-json\/wp\/v2\/pages"}],"about":[{"href":"https:\/\/implantca.com.ar\/en\/wp-json\/wp\/v2\/types\/page"}],"author":[{"embeddable":true,"href":"https:\/\/implantca.com.ar\/en\/wp-json\/wp\/v2\/users\/1"}],"replies":[{"embeddable":true,"href":"https:\/\/implantca.com.ar\/en\/wp-json\/wp\/v2\/comments?post=469"}],"version-history":[{"count":28,"href":"https:\/\/implantca.com.ar\/en\/wp-json\/wp\/v2\/pages\/469\/revisions"}],"predecessor-version":[{"id":854,"href":"https:\/\/implantca.com.ar\/en\/wp-json\/wp\/v2\/pages\/469\/revisions\/854"}],"wp:attachment":[{"href":"https:\/\/implantca.com.ar\/en\/wp-json\/wp\/v2\/media?parent=469"}],"curies":[{"name":"wp","href":"https:\/\/api.w.org\/{rel}","templated":true}]}}