{"id":112,"date":"2021-04-21T13:51:37","date_gmt":"2021-04-21T13:51:37","guid":{"rendered":"http:\/\/implantca.com.ar\/?page_id=112"},"modified":"2026-01-19T13:17:38","modified_gmt":"2026-01-19T16:17:38","slug":"productos","status":"publish","type":"page","link":"https:\/\/implantca.com.ar\/en\/productos","title":{"rendered":"Products"},"content":{"rendered":"<p>[et_pb_section fb_built=\u00bb1&#8243; fullwidth=\u00bbon\u00bb _builder_version=\u00bb4.16&#8243; _module_preset=\u00bbdefault\u00bb background_enable_image=\u00bboff\u00bb global_colors_info=\u00bb{}\u00bb][et_pb_fullwidth_slider use_bg_overlay=\u00bboff\u00bb use_text_overlay=\u00bbon\u00bb _builder_version=\u00bb4.16&#8243; _module_preset=\u00bbdefault\u00bb background_enable_color=\u00bboff\u00bb background_enable_image=\u00bboff\u00bb custom_padding=\u00bb183px||206px|||\u00bb global_colors_info=\u00bb{}\u00bb][et_pb_slide heading=\u00bbProductos\u00bb use_bg_overlay=\u00bbon\u00bb bg_overlay_color=\u00bbrgba(0,0,0,0.55)\u00bb use_text_overlay=\u00bboff\u00bb _builder_version=\u00bb4.16&#8243; _module_preset=\u00bbdefault\u00bb header_level=\u00bbh1&#8243; header_font=\u00bb|700|||||||\u00bb header_text_align=\u00bbleft\u00bb body_font_size=\u00bb19px\u00bb background_enable_color=\u00bboff\u00bb background_image=\u00bbhttp:\/\/implantca.com.ar\/wp-content\/uploads\/2021\/05\/Foto-Portada-Productos.jpg\u00bb background_enable_image=\u00bbon\u00bb global_colors_info=\u00bb{}\u00bb sticky_transition=\u00bbon\u00bb]<\/p>\n<p style=\"text-align: left;\">Soluciones m\u00e9dicas de alta calidad y tecnolog\u00eda<\/p>\n<p>[\/et_pb_slide][\/et_pb_fullwidth_slider][\/et_pb_section][et_pb_section fb_built=\u00bb1&#8243; module_id=\u00bbproductos\u00bb _builder_version=\u00bb4.16&#8243; _module_preset=\u00bbdefault\u00bb background_color=\u00bb#dddddd\u00bb background_enable_image=\u00bboff\u00bb width=\u00bb100%\u00bb max_width=\u00bb100%\u00bb module_alignment=\u00bbcenter\u00bb custom_margin=\u00bb||0px|||\u00bb custom_padding=\u00bb28px||7px|0px|false|false\u00bb global_colors_info=\u00bb{}\u00bb][et_pb_row _builder_version=\u00bb4.16&#8243; _module_preset=\u00bbdefault\u00bb width=\u00bb95%\u00bb max_width=\u00bb1350px\u00bb module_alignment=\u00bbcenter\u00bb custom_margin=\u00bb|auto|13px|auto||\u00bb custom_padding=\u00bb||20px|0px||\u00bb global_colors_info=\u00bb{}\u00bb][et_pb_column type=\u00bb4_4&#8243; _builder_version=\u00bb4.16&#8243; _module_preset=\u00bbdefault\u00bb global_colors_info=\u00bb{}\u00bb][et_pb_text module_id=\u00bbsportsmedicine\u00bb _builder_version=\u00bb4.16&#8243; _module_preset=\u00bbdefault\u00bb header_font=\u00bb|300|||||||\u00bb header_font_size=\u00bb40px\u00bb global_colors_info=\u00bb{}\u00bb]<\/p>\n<h1>Sports\u00a0 Medicine<\/h1>\n<p>[\/et_pb_text][et_pb_divider _builder_version=\u00bb4.16&#8243; _module_preset=\u00bbdefault\u00bb global_colors_info=\u00bb{}\u00bb][\/et_pb_divider][et_pb_shop type=\u00bbproduct_category\u00bb posts_number=\u00bb50&#8243; include_categories=\u00bb31&#8243; columns_number=\u00bb4&#8243; orderby=\u00bbmenu_order\u00bb icon_hover_color=\u00bbrgba(81,81,81,0.5)\u00bb hover_overlay_color=\u00bbrgba(255,255,255,0.4)\u00bb _builder_version=\u00bb4.16&#8243; _module_preset=\u00bbdefault\u00bb title_text_align=\u00bbcenter\u00bb sale_badge_text_color=\u00bb#FFFFFF\u00bb text_orientation=\u00bbcenter\u00bb width=\u00bb100%\u00bb module_alignment=\u00bbcenter\u00bb custom_margin=\u00bb0px||0px||false|false\u00bb custom_padding=\u00bb4px||||false|false\u00bb animation_style=\u00bbfade\u00bb border_color_all=\u00bb#000000&#8243; global_colors_info=\u00bb{}\u00bb][\/et_pb_shop][\/et_pb_column][\/et_pb_row][\/et_pb_section][et_pb_section fb_built=\u00bb1&#8243; module_id=\u00bbproductos\u00bb _builder_version=\u00bb4.16&#8243; _module_preset=\u00bbdefault\u00bb background_color=\u00bb#dddddd\u00bb background_enable_image=\u00bboff\u00bb width=\u00bb100%\u00bb max_width=\u00bb100%\u00bb module_alignment=\u00bbcenter\u00bb min_height=\u00bb604.5px\u00bb custom_margin=\u00bb-15px||0px|||\u00bb custom_padding=\u00bb20px||7px|0px|false|false\u00bb global_colors_info=\u00bb{}\u00bb][et_pb_row _builder_version=\u00bb4.16&#8243; _module_preset=\u00bbdefault\u00bb width=\u00bb95%\u00bb max_width=\u00bb1350px\u00bb module_alignment=\u00bbcenter\u00bb custom_margin=\u00bb22px|auto||auto||\u00bb custom_padding=\u00bb4px||40px|0px||\u00bb global_colors_info=\u00bb{}\u00bb][et_pb_column type=\u00bb4_4&#8243; _builder_version=\u00bb4.16&#8243; _module_preset=\u00bbdefault\u00bb global_colors_info=\u00bb{}\u00bb][et_pb_text module_id=\u00bbmiembrosuperior\u00bb _builder_version=\u00bb4.16&#8243; _module_preset=\u00bbdefault\u00bb header_font=\u00bb|300|||||||\u00bb header_font_size=\u00bb40px\u00bb global_colors_info=\u00bb{}\u00bb]<\/p>\n<h1>Trauma Miembro Superior<\/h1>\n<p>[\/et_pb_text][et_pb_divider _builder_version=\u00bb4.16&#8243; _module_preset=\u00bbdefault\u00bb global_colors_info=\u00bb{}\u00bb][\/et_pb_divider][et_pb_shop type=\u00bbproduct_category\u00bb posts_number=\u00bb50&#8243; include_categories=\u00bb29&#8243; columns_number=\u00bb4&#8243; orderby=\u00bbmenu_order\u00bb icon_hover_color=\u00bbrgba(81,81,81,0.5)\u00bb hover_overlay_color=\u00bbrgba(255,255,255,0.4)\u00bb _builder_version=\u00bb4.16&#8243; _module_preset=\u00bbdefault\u00bb title_text_align=\u00bbcenter\u00bb sale_badge_text_color=\u00bb#FFFFFF\u00bb text_orientation=\u00bbcenter\u00bb width=\u00bb100%\u00bb module_alignment=\u00bbcenter\u00bb custom_margin=\u00bb0px||0px||false|false\u00bb custom_padding=\u00bb4px||||false|false\u00bb animation_style=\u00bbfade\u00bb border_color_all=\u00bb#000000&#8243; global_colors_info=\u00bb{}\u00bb][\/et_pb_shop][et_pb_divider _builder_version=\u00bb4.16&#8243; _module_preset=\u00bbdefault\u00bb global_colors_info=\u00bb{}\u00bb][\/et_pb_divider][\/et_pb_column][\/et_pb_row][et_pb_row _builder_version=\u00bb4.16&#8243; _module_preset=\u00bbdefault\u00bb width=\u00bb95%\u00bb max_width=\u00bb1350px\u00bb module_alignment=\u00bbcenter\u00bb custom_margin=\u00bb22px|auto||auto||\u00bb custom_padding=\u00bb4px||40px|0px||\u00bb global_colors_info=\u00bb{}\u00bb][et_pb_column type=\u00bb4_4&#8243; _builder_version=\u00bb4.16&#8243; _module_preset=\u00bbdefault\u00bb global_colors_info=\u00bb{}\u00bb][et_pb_text module_id=\u00bbmiembroinferior\u00bb _builder_version=\u00bb4.16&#8243; _module_preset=\u00bbdefault\u00bb header_font=\u00bb|300|||||||\u00bb header_font_size=\u00bb40px\u00bb global_colors_info=\u00bb{}\u00bb]<\/p>\n<h1>Trauma Miembro Inferior<\/h1>\n<p>[\/et_pb_text][et_pb_divider _builder_version=\u00bb4.16&#8243; _module_preset=\u00bbdefault\u00bb global_colors_info=\u00bb{}\u00bb][\/et_pb_divider][et_pb_shop type=\u00bbproduct_category\u00bb posts_number=\u00bb50&#8243; include_categories=\u00bb30&#8243; columns_number=\u00bb4&#8243; orderby=\u00bbmenu_order\u00bb icon_hover_color=\u00bbrgba(81,81,81,0.5)\u00bb hover_overlay_color=\u00bbrgba(255,255,255,0.4)\u00bb _builder_version=\u00bb4.16&#8243; _module_preset=\u00bbdefault\u00bb title_text_align=\u00bbcenter\u00bb sale_badge_text_color=\u00bb#FFFFFF\u00bb text_orientation=\u00bbcenter\u00bb width=\u00bb100%\u00bb module_alignment=\u00bbcenter\u00bb custom_margin=\u00bb0px||0px||false|false\u00bb custom_padding=\u00bb4px||||false|false\u00bb animation_style=\u00bbfade\u00bb border_color_all=\u00bb#000000&#8243; global_colors_info=\u00bb{}\u00bb][\/et_pb_shop][et_pb_divider _builder_version=\u00bb4.16&#8243; _module_preset=\u00bbdefault\u00bb global_colors_info=\u00bb{}\u00bb][\/et_pb_divider][\/et_pb_column][\/et_pb_row][et_pb_row _builder_version=\u00bb4.16&#8243; _module_preset=\u00bbdefault\u00bb width=\u00bb95%\u00bb max_width=\u00bb1350px\u00bb module_alignment=\u00bbcenter\u00bb custom_margin=\u00bb22px|auto||auto||\u00bb custom_padding=\u00bb4px||40px|0px||\u00bb global_colors_info=\u00bb{}\u00bb][et_pb_column type=\u00bb4_4&#8243; _builder_version=\u00bb4.16&#8243; _module_preset=\u00bbdefault\u00bb global_colors_info=\u00bb{}\u00bb][et_pb_text module_id=\u00bbpediatrica\u00bb _builder_version=\u00bb4.16&#8243; _module_preset=\u00bbdefault\u00bb header_font=\u00bb|300|||||||\u00bb header_font_size=\u00bb40px\u00bb global_colors_info=\u00bb{}\u00bb]<\/p>\n<h1>Osteos\u00edntesis Pedi\u00e1trica<\/h1>\n<p>[\/et_pb_text][et_pb_divider _builder_version=\u00bb4.16&#8243; _module_preset=\u00bbdefault\u00bb global_colors_info=\u00bb{}\u00bb][\/et_pb_divider][et_pb_shop type=\u00bbproduct_category\u00bb posts_number=\u00bb20&#8243; include_categories=\u00bb32&#8243; columns_number=\u00bb4&#8243; orderby=\u00bbmenu_order\u00bb _builder_version=\u00bb4.16&#8243; _module_preset=\u00bbdefault\u00bb title_text_align=\u00bbcenter\u00bb sale_badge_text_color=\u00bb#FFFFFF\u00bb text_orientation=\u00bbcenter\u00bb width=\u00bb100%\u00bb module_alignment=\u00bbcenter\u00bb custom_margin=\u00bb0px||0px||false|false\u00bb custom_padding=\u00bb4px||||false|false\u00bb animation_style=\u00bbfade\u00bb border_color_all=\u00bb#000000&#8243; global_colors_info=\u00bb{}\u00bb][\/et_pb_shop][et_pb_divider _builder_version=\u00bb4.16&#8243; _module_preset=\u00bbdefault\u00bb global_colors_info=\u00bb{}\u00bb][\/et_pb_divider][\/et_pb_column][\/et_pb_row][et_pb_row _builder_version=\u00bb4.16&#8243; _module_preset=\u00bbdefault\u00bb width=\u00bb95%\u00bb max_width=\u00bb1350px\u00bb module_alignment=\u00bbcenter\u00bb custom_margin=\u00bb22px|auto||auto||\u00bb custom_padding=\u00bb4px||40px|0px||\u00bb global_colors_info=\u00bb{}\u00bb][et_pb_column type=\u00bb4_4&#8243; _builder_version=\u00bb4.16&#8243; _module_preset=\u00bbdefault\u00bb global_colors_info=\u00bb{}\u00bb][et_pb_text module_id=\u00bbcaderaypelvis\u00bb _builder_version=\u00bb4.16&#8243; _module_preset=\u00bbdefault\u00bb header_font=\u00bb|300|||||||\u00bb header_font_size=\u00bb40px\u00bb global_colors_info=\u00bb{}\u00bb]<\/p>\n<h1>Cadera y Pelvis<\/h1>\n<p>[\/et_pb_text][et_pb_divider _builder_version=\u00bb4.16&#8243; _module_preset=\u00bbdefault\u00bb global_colors_info=\u00bb{}\u00bb][\/et_pb_divider][et_pb_shop type=\u00bbproduct_category\u00bb posts_number=\u00bb50&#8243; include_categories=\u00bb33&#8243; columns_number=\u00bb4&#8243; orderby=\u00bbmenu_order\u00bb icon_hover_color=\u00bbrgba(81,81,81,0.5)\u00bb hover_overlay_color=\u00bbrgba(255,255,255,0.4)\u00bb _builder_version=\u00bb4.16&#8243; _module_preset=\u00bbdefault\u00bb title_text_align=\u00bbcenter\u00bb sale_badge_text_color=\u00bb#FFFFFF\u00bb text_orientation=\u00bbcenter\u00bb width=\u00bb100%\u00bb module_alignment=\u00bbcenter\u00bb custom_margin=\u00bb0px||0px||false|false\u00bb custom_padding=\u00bb4px||||false|false\u00bb animation_style=\u00bbfade\u00bb border_color_all=\u00bb#000000&#8243; global_colors_info=\u00bb{}\u00bb][\/et_pb_shop][et_pb_divider _builder_version=\u00bb4.16&#8243; _module_preset=\u00bbdefault\u00bb global_colors_info=\u00bb{}\u00bb][\/et_pb_divider][\/et_pb_column][\/et_pb_row][et_pb_row _builder_version=\u00bb4.16&#8243; _module_preset=\u00bbdefault\u00bb width=\u00bb95%\u00bb max_width=\u00bb1350px\u00bb module_alignment=\u00bbcenter\u00bb custom_margin=\u00bb22px|auto||auto||\u00bb custom_padding=\u00bb4px||40px|0px||\u00bb global_colors_info=\u00bb{}\u00bb][et_pb_column type=\u00bb4_4&#8243; _builder_version=\u00bb4.16&#8243; _module_preset=\u00bbdefault\u00bb global_colors_info=\u00bb{}\u00bb][et_pb_text module_id=\u00bbreemplazos\u00bb _builder_version=\u00bb4.16&#8243; _module_preset=\u00bbdefault\u00bb header_font=\u00bb|300|||||||\u00bb header_font_size=\u00bb40px\u00bb global_colors_info=\u00bb{}\u00bb]<\/p>\n<h1>Reemplazos Articulares<\/h1>\n<p>[\/et_pb_text][et_pb_divider _builder_version=\u00bb4.16&#8243; _module_preset=\u00bbdefault\u00bb global_colors_info=\u00bb{}\u00bb][\/et_pb_divider][et_pb_shop type=\u00bbproduct_category\u00bb posts_number=\u00bb50&#8243; include_categories=\u00bb34&#8243; columns_number=\u00bb4&#8243; orderby=\u00bbmenu_order\u00bb icon_hover_color=\u00bbrgba(81,81,81,0.5)\u00bb hover_overlay_color=\u00bbrgba(255,255,255,0.4)\u00bb _builder_version=\u00bb4.16&#8243; _module_preset=\u00bbdefault\u00bb title_text_align=\u00bbcenter\u00bb sale_badge_text_color=\u00bb#FFFFFF\u00bb text_orientation=\u00bbcenter\u00bb width=\u00bb100%\u00bb module_alignment=\u00bbcenter\u00bb custom_margin=\u00bb0px||0px||false|false\u00bb custom_padding=\u00bb4px||||false|false\u00bb animation_style=\u00bbfade\u00bb border_color_all=\u00bb#000000&#8243; global_colors_info=\u00bb{}\u00bb][\/et_pb_shop][et_pb_divider _builder_version=\u00bb4.16&#8243; _module_preset=\u00bbdefault\u00bb global_colors_info=\u00bb{}\u00bb][\/et_pb_divider][\/et_pb_column][\/et_pb_row][et_pb_row _builder_version=\u00bb4.16&#8243; _module_preset=\u00bbdefault\u00bb width=\u00bb95%\u00bb max_width=\u00bb1350px\u00bb module_alignment=\u00bbcenter\u00bb custom_margin=\u00bb22px|auto||auto||\u00bb custom_padding=\u00bb4px||40px|0px||\u00bb global_colors_info=\u00bb{}\u00bb][et_pb_column type=\u00bb4_4&#8243; _builder_version=\u00bb4.16&#8243; _module_preset=\u00bbdefault\u00bb global_colors_info=\u00bb{}\u00bb][et_pb_text module_id=\u00bbcolumna\u00bb _builder_version=\u00bb4.16&#8243; _module_preset=\u00bbdefault\u00bb header_font=\u00bb|300|||||||\u00bb header_font_size=\u00bb40px\u00bb global_colors_info=\u00bb{}\u00bb]<\/p>\n<h1>Columna<\/h1>\n<p>[\/et_pb_text][et_pb_divider _builder_version=\u00bb4.16&#8243; _module_preset=\u00bbdefault\u00bb global_colors_info=\u00bb{}\u00bb][\/et_pb_divider][et_pb_shop type=\u00bbproduct_category\u00bb posts_number=\u00bb50&#8243; include_categories=\u00bb35&#8243; columns_number=\u00bb4&#8243; orderby=\u00bbmenu_order\u00bb icon_hover_color=\u00bbrgba(81,81,81,0.5)\u00bb hover_overlay_color=\u00bbrgba(255,255,255,0.4)\u00bb _builder_version=\u00bb4.16&#8243; _module_preset=\u00bbdefault\u00bb title_text_align=\u00bbcenter\u00bb sale_badge_text_color=\u00bb#FFFFFF\u00bb text_orientation=\u00bbcenter\u00bb width=\u00bb100%\u00bb module_alignment=\u00bbcenter\u00bb custom_margin=\u00bb0px||0px||false|false\u00bb custom_padding=\u00bb4px||||false|false\u00bb animation_style=\u00bbfade\u00bb border_color_all=\u00bb#000000&#8243; global_colors_info=\u00bb{}\u00bb][\/et_pb_shop][et_pb_divider _builder_version=\u00bb4.16&#8243; _module_preset=\u00bbdefault\u00bb global_colors_info=\u00bb{}\u00bb][\/et_pb_divider][\/et_pb_column][\/et_pb_row][et_pb_row _builder_version=\u00bb4.16&#8243; _module_preset=\u00bbdefault\u00bb width=\u00bb95%\u00bb max_width=\u00bb1350px\u00bb module_alignment=\u00bbcenter\u00bb custom_margin=\u00bb22px|auto||auto||\u00bb custom_padding=\u00bb4px||40px|0px||\u00bb global_colors_info=\u00bb{}\u00bb][et_pb_column type=\u00bb4_4&#8243; _builder_version=\u00bb4.16&#8243; _module_preset=\u00bbdefault\u00bb global_colors_info=\u00bb{}\u00bb][et_pb_text module_id=\u00bbmaxilofacial\u00bb _builder_version=\u00bb4.16&#8243; _module_preset=\u00bbdefault\u00bb header_font=\u00bb|300|||||||\u00bb header_font_size=\u00bb40px\u00bb global_colors_info=\u00bb{}\u00bb]<\/p>\n<h1>Maxilofacial<\/h1>\n<p>[\/et_pb_text][et_pb_divider _builder_version=\u00bb4.16&#8243; _module_preset=\u00bbdefault\u00bb global_colors_info=\u00bb{}\u00bb][\/et_pb_divider][et_pb_shop type=\u00bbproduct_category\u00bb posts_number=\u00bb50&#8243; include_categories=\u00bb36&#8243; columns_number=\u00bb4&#8243; orderby=\u00bbmenu_order\u00bb icon_hover_color=\u00bbrgba(81,81,81,0.5)\u00bb hover_overlay_color=\u00bbrgba(255,255,255,0.4)\u00bb _builder_version=\u00bb4.16&#8243; _module_preset=\u00bbdefault\u00bb title_text_align=\u00bbcenter\u00bb sale_badge_text_color=\u00bb#FFFFFF\u00bb text_orientation=\u00bbcenter\u00bb width=\u00bb100%\u00bb module_alignment=\u00bbcenter\u00bb custom_margin=\u00bb0px||0px||false|false\u00bb custom_padding=\u00bb4px||||false|false\u00bb animation_style=\u00bbfade\u00bb border_color_all=\u00bb#000000&#8243; global_colors_info=\u00bb{}\u00bb][\/et_pb_shop][et_pb_divider _builder_version=\u00bb4.16&#8243; _module_preset=\u00bbdefault\u00bb global_colors_info=\u00bb{}\u00bb][\/et_pb_divider][\/et_pb_column][\/et_pb_row][et_pb_row _builder_version=\u00bb4.16&#8243; _module_preset=\u00bbdefault\u00bb width=\u00bb95%\u00bb max_width=\u00bb1350px\u00bb module_alignment=\u00bbcenter\u00bb custom_margin=\u00bb22px|auto||auto||\u00bb custom_padding=\u00bb4px||40px|0px||\u00bb global_colors_info=\u00bb{}\u00bb][et_pb_column type=\u00bb4_4&#8243; _builder_version=\u00bb4.16&#8243; _module_preset=\u00bbdefault\u00bb global_colors_info=\u00bb{}\u00bb][et_pb_text module_id=\u00bbcajasdecirugia\u00bb _builder_version=\u00bb4.16&#8243; _module_preset=\u00bbdefault\u00bb header_font=\u00bb|300|||||||\u00bb header_font_size=\u00bb40px\u00bb global_colors_info=\u00bb{}\u00bb]<\/p>\n<h1>Cajas de Cirug\u00eda<\/h1>\n<p>[\/et_pb_text][et_pb_divider _builder_version=\u00bb4.16&#8243; _module_preset=\u00bbdefault\u00bb global_colors_info=\u00bb{}\u00bb][\/et_pb_divider][et_pb_shop type=\u00bbproduct_category\u00bb posts_number=\u00bb50&#8243; include_categories=\u00bb130&#8243; columns_number=\u00bb4&#8243; orderby=\u00bbmenu_order\u00bb _builder_version=\u00bb4.16&#8243; _module_preset=\u00bbdefault\u00bb title_text_align=\u00bbcenter\u00bb sale_badge_text_color=\u00bb#FFFFFF\u00bb text_orientation=\u00bbcenter\u00bb width=\u00bb100%\u00bb module_alignment=\u00bbcenter\u00bb custom_margin=\u00bb0px||0px||false|false\u00bb custom_padding=\u00bb4px||||false|false\u00bb animation_style=\u00bbfade\u00bb border_color_all=\u00bb#000000&#8243; global_colors_info=\u00bb{}\u00bb][\/et_pb_shop][et_pb_divider _builder_version=\u00bb4.16&#8243; _module_preset=\u00bbdefault\u00bb global_colors_info=\u00bb{}\u00bb][\/et_pb_divider][\/et_pb_column][\/et_pb_row][et_pb_row _builder_version=\u00bb4.16&#8243; _module_preset=\u00bbdefault\u00bb width=\u00bb95%\u00bb max_width=\u00bb1350px\u00bb module_alignment=\u00bbcenter\u00bb custom_margin=\u00bb22px|auto||auto||\u00bb custom_padding=\u00bb4px||40px|0px||\u00bb global_colors_info=\u00bb{}\u00bb][et_pb_column type=\u00bb4_4&#8243; _builder_version=\u00bb4.16&#8243; _module_preset=\u00bbdefault\u00bb global_colors_info=\u00bb{}\u00bb][et_pb_text module_id=\u00bbferulasynmo\u00bb _builder_version=\u00bb4.16&#8243; _module_preset=\u00bbdefault\u00bb header_font=\u00bb|300|||||||\u00bb header_font_size=\u00bb40px\u00bb global_colors_info=\u00bb{}\u00bb]<\/p>\n<h1>F\u00e9rulas YNMO<strong>\u00ae<\/strong><\/h1>\n<p>[\/et_pb_text][et_pb_divider _builder_version=\u00bb4.16&#8243; _module_preset=\u00bbdefault\u00bb global_colors_info=\u00bb{}\u00bb][\/et_pb_divider][et_pb_shop type=\u00bbproduct_category\u00bb posts_number=\u00bb50&#8243; include_categories=\u00bb111&#8243; columns_number=\u00bb4&#8243; orderby=\u00bbmenu_order\u00bb icon_hover_color=\u00bb#510084&#8243; hover_overlay_color=\u00bbrgba(255,255,255,0.4)\u00bb _builder_version=\u00bb4.16&#8243; _module_preset=\u00bbdefault\u00bb title_text_align=\u00bbcenter\u00bb sale_badge_text_color=\u00bb#FFFFFF\u00bb background_color=\u00bbRGBA(0,0,0,0)\u00bb text_orientation=\u00bbcenter\u00bb width=\u00bb100%\u00bb module_alignment=\u00bbcenter\u00bb custom_margin=\u00bb0px||0px||false|false\u00bb custom_padding=\u00bb4px||||false|false\u00bb animation_style=\u00bbfade\u00bb border_color_all=\u00bb#000000&#8243; global_colors_info=\u00bb{}\u00bb][\/et_pb_shop][et_pb_divider _builder_version=\u00bb4.16&#8243; _module_preset=\u00bbdefault\u00bb global_colors_info=\u00bb{}\u00bb][\/et_pb_divider][\/et_pb_column][\/et_pb_row][\/et_pb_section]<\/p>\n","protected":false},"excerpt":{"rendered":"<p>Soluciones m\u00e9dicas de alta calidad y tecnolog\u00edaSports\u00a0 MedicineTrauma Miembro SuperiorTrauma Miembro InferiorOsteos\u00edntesis Pedi\u00e1tricaCadera y PelvisReemplazos ArticularesColumnaMaxilofacialCajas de Cirug\u00edaF\u00e9rulas YNMO\u00ae<\/p>","protected":false},"author":1,"featured_media":0,"parent":0,"menu_order":0,"comment_status":"closed","ping_status":"closed","template":"","meta":{"_et_pb_use_builder":"on","_et_pb_old_content":"","_et_gb_content_width":"1280","_joinchat":[],"footnotes":""},"class_list":["post-112","page","type-page","status-publish","hentry"],"_links":{"self":[{"href":"https:\/\/implantca.com.ar\/en\/wp-json\/wp\/v2\/pages\/112","targetHints":{"allow":["GET"]}}],"collection":[{"href":"https:\/\/implantca.com.ar\/en\/wp-json\/wp\/v2\/pages"}],"about":[{"href":"https:\/\/implantca.com.ar\/en\/wp-json\/wp\/v2\/types\/page"}],"author":[{"embeddable":true,"href":"https:\/\/implantca.com.ar\/en\/wp-json\/wp\/v2\/users\/1"}],"replies":[{"embeddable":true,"href":"https:\/\/implantca.com.ar\/en\/wp-json\/wp\/v2\/comments?post=112"}],"version-history":[{"count":42,"href":"https:\/\/implantca.com.ar\/en\/wp-json\/wp\/v2\/pages\/112\/revisions"}],"predecessor-version":[{"id":2184,"href":"https:\/\/implantca.com.ar\/en\/wp-json\/wp\/v2\/pages\/112\/revisions\/2184"}],"wp:attachment":[{"href":"https:\/\/implantca.com.ar\/en\/wp-json\/wp\/v2\/media?parent=112"}],"curies":[{"name":"wp","href":"https:\/\/api.w.org\/{rel}","templated":true}]}}